{"id":154,"date":"2018-12-17T14:56:23","date_gmt":"2018-12-17T13:56:23","guid":{"rendered":"https:\/\/ihma.at\/?page_id=154"},"modified":"2022-08-07T12:30:17","modified_gmt":"2022-08-07T10:30:17","slug":"impressum","status":"publish","type":"page","link":"https:\/\/ihma.at\/de_de\/impressum\/","title":{"rendered":"Impressum"},"content":{"rendered":"\n\n\t<h1>IMPRESSUM<\/h1>\n\t<p><b>Informationspflicht lt. \u00a75 E-Commerce Gesetz, \u00a714 Unternehmensgesetzbuch bzw. \u00a763 Gewerbeordnung und Offenlegungspflicht lt. \u00a725 Mediengesetz:<\/b><\/p>\n<p><b>Medieninhaber:<\/b><\/p>\n<p>Name: International Human &amp; Medical Aid \/ IHMA<\/p>\n<p>Internationale humanit\u00e4re &amp; medizinische Hilfe<\/p>\nZVR-Zahl:\u00a0 1777242197<br \/>\nAdresse:\u00a0 Borrom\u00e4umstra\u00dfe 26\/7<br \/>\nOrt: AT-5020 Salzburg\n<p>Email: <a href=\"mailto:human-medical-aid@gmx.at\">human-medical-aid@gmx.at<\/a><\/p>\n<a name=\"_GoBack\"><\/a> Website: www.ihma.at<br \/>\nKontonummer: IBAN AT79 2040 4000 4204 2218\n<p> BIC\/SWIFT SBGSAAT2SXXX<\/p>\n<p>Kontoname: International Human and Medical Aid \/IHMA<\/p>\n<p>Internationale humanti\u00e4re und medizinische Hilfe<\/p>\n<p>Bank: Salzburger Sparkasse, Rainerstra\u00dfe 4, AT-5020 Salzburg<\/p>\n<b>Vorstand\/Pr\u00e4sidium:<br \/>\n<\/b>Obfrau: Caroline Weishaupt<br \/>\nObmann Stv: Mathias Schellmann<br \/>\nSchriftf\u00fchrer: Nick Wagenseil\nSchriftf\u00fchrer Stv: Carola Penkwitt<br \/>\nKassier: Eberhard von Urach\n<p>Kassier Stv: Seraina Wagenseil<\/p>\n<p><b>Nutzungsbedingungen<\/b><\/p>\n<p>Die Inhalte dieser Seiten sind frei nutzbar und dienen ausschlie\u00dflich Informationszwecken. Durch die Nutzung der Auswahlm\u00f6glichkeiten kommen keinerlei Rechtsgesch\u00e4fte zwischen den Eigent\u00fcmern und den Nutzern zu Stande.<\/p>\n<p><b>EU-Streitschlichtung<\/b><\/p>\n<p>Angaben zur Online-Streitbeilegung: Verbraucher haben die M\u00f6glichkeit, Beschwerden an die OnlineStreitbeilegungsplattform der EU zu richten:\u00a0<a href=\"https:\/\/ec.europa.eu\/consumers\/odr\/main\/index.cfm?event=main.home2.show&amp;lng=DE\"><u>https:\/\/ec.europa.eu\/consumers\/odr\/main\/index.cfm?event=main.home2.show&amp;lng=DE<\/u><\/a>. Sie k\u00f6nnen allf\u00e4llige Beschwerde auch an die oben angegebene E-Mail-Adresse richten.<\/p>\n<p><b>Haftung f\u00fcr Inhalte dieser Webseite<\/b><\/p>\n<p>Wir entwickeln die Inhalte dieser Webseite st\u00e4ndig weiter und bem\u00fchen uns korrekte und aktuelle Informationen bereitzustellen. Leider k\u00f6nnen wir keine Haftung f\u00fcr die Korrektheit aller Inhalte auf dieser Webseite \u00fcbernehmen, speziell f\u00fcr jene die seitens Dritter bereitgestellt wird. Sollten Ihnen problematische oder rechtswidrige Inhalte auffallen, bitte wir Sie uns umgehend zu kontaktieren, Sie finden die Kontaktdaten im Impressum.<\/p>\n<p><b>Haftung f\u00fcr Links auf dieser Webseite<\/b><\/p>\n<p>Unsere Webseite enth\u00e4lt Links zu anderen Webseiten f\u00fcr deren Inhalt wir nicht verantwortlich sind. Wenn Ihnen rechtswidrige Links auf unserer Webseite auffallen, bitte wir Sie uns zu kontaktieren, Sie finden die Kontaktdaten im Impressum.<\/p>\n<p><b>Urheberrechtshinweis<\/b><\/p>\n<p>Alle Inhalte dieser Webseite (Bilder, Fotos, Texte, Videos) unterliegen dem Urheberrecht. Falls notwendig, werden wir die unerlaubte Nutzung von Teilen der Inhalte unserer Seite rechtlich verfolgen.<\/p>\n<p>Sollten Sie auf dieser Webseite Inhalte finden, die das Urheberrecht verletzen, bitten wir Sie uns zu kontaktieren.<\/p>\n\n","protected":false},"excerpt":{"rendered":"<p>IMPRESSUM Informationspflicht lt. \u00a75 E-Commerce Gesetz, \u00a714 Unternehmensgesetzbuch bzw. \u00a763 Gewerbeordnung und Offenlegungspflicht lt. \u00a725 Mediengesetz: Medieninhaber: Name: International Human &amp; Medical Aid \/ IHMA Internationale humanit\u00e4re &amp; medizinische Hilfe [&hellip;]<\/p>\n","protected":false},"author":1,"featured_media":0,"parent":0,"menu_order":0,"comment_status":"closed","ping_status":"closed","template":"","meta":[],"yoast_head":"<!-- This site is optimized with the Yoast SEO plugin v21.1 - https:\/\/yoast.com\/wordpress\/plugins\/seo\/ -->\n<title>Impressum - IHMA<\/title>\n<meta name=\"robots\" content=\"index, follow, max-snippet:-1, max-image-preview:large, max-video-preview:-1\" \/>\n<link rel=\"canonical\" href=\"https:\/\/ihma.at\/de_de\/impressum\/\" \/>\n<meta property=\"og:locale\" content=\"de_DE\" \/>\n<meta property=\"og:type\" content=\"article\" \/>\n<meta property=\"og:title\" content=\"Impressum - IHMA\" \/>\n<meta property=\"og:description\" content=\"IMPRESSUM Informationspflicht lt. \u00a75 E-Commerce Gesetz, \u00a714 Unternehmensgesetzbuch bzw. \u00a763 Gewerbeordnung und Offenlegungspflicht lt. \u00a725 Mediengesetz: Medieninhaber: Name: International Human &amp; Medical Aid \/ IHMA Internationale humanit\u00e4re &amp; medizinische Hilfe [&hellip;]\" \/>\n<meta property=\"og:url\" content=\"https:\/\/ihma.at\/de_de\/impressum\/\" \/>\n<meta property=\"og:site_name\" content=\"IHMA\" \/>\n<meta property=\"article:modified_time\" content=\"2022-08-07T10:30:17+00:00\" \/>\n<meta name=\"twitter:card\" content=\"summary_large_image\" \/>\n<meta name=\"twitter:label1\" content=\"Gesch\u00e4tzte Lesezeit\" \/>\n\t<meta name=\"twitter:data1\" content=\"2\u00a0Minuten\" \/>\n<script type=\"application\/ld+json\" class=\"yoast-schema-graph\">{\"@context\":\"https:\/\/schema.org\",\"@graph\":[{\"@type\":\"WebPage\",\"@id\":\"https:\/\/ihma.at\/impressum\/\",\"url\":\"https:\/\/ihma.at\/impressum\/\",\"name\":\"Impressum - IHMA\",\"isPartOf\":{\"@id\":\"https:\/\/ihma.at\/#website\"},\"datePublished\":\"2018-12-17T13:56:23+00:00\",\"dateModified\":\"2022-08-07T10:30:17+00:00\",\"breadcrumb\":{\"@id\":\"https:\/\/ihma.at\/impressum\/#breadcrumb\"},\"inLanguage\":\"de\",\"potentialAction\":[{\"@type\":\"ReadAction\",\"target\":[\"https:\/\/ihma.at\/impressum\/\"]}]},{\"@type\":\"BreadcrumbList\",\"@id\":\"https:\/\/ihma.at\/impressum\/#breadcrumb\",\"itemListElement\":[{\"@type\":\"ListItem\",\"position\":1,\"name\":\"Startseite\",\"item\":\"https:\/\/ihma.at\/de_de\/\"},{\"@type\":\"ListItem\",\"position\":2,\"name\":\"Impressum\"}]},{\"@type\":\"WebSite\",\"@id\":\"https:\/\/ihma.at\/#website\",\"url\":\"https:\/\/ihma.at\/\",\"name\":\"IHMA\",\"description\":\"INTERNATIONAL HUMAN \",\"publisher\":{\"@id\":\"https:\/\/ihma.at\/#organization\"},\"potentialAction\":[{\"@type\":\"SearchAction\",\"target\":{\"@type\":\"EntryPoint\",\"urlTemplate\":\"https:\/\/ihma.at\/?s={search_term_string}\"},\"query-input\":\"required name=search_term_string\"}],\"inLanguage\":\"de\"},{\"@type\":\"Organization\",\"@id\":\"https:\/\/ihma.at\/#organization\",\"name\":\"IHMA\",\"url\":\"https:\/\/ihma.at\/\",\"logo\":{\"@type\":\"ImageObject\",\"inLanguage\":\"de\",\"@id\":\"https:\/\/ihma.at\/#\/schema\/logo\/image\/\",\"url\":\"https:\/\/ihma.at\/wp-content\/uploads\/2022\/05\/cropped-cropped-IHMA-BETA-LOGO-e1653917382550.png\",\"contentUrl\":\"https:\/\/ihma.at\/wp-content\/uploads\/2022\/05\/cropped-cropped-IHMA-BETA-LOGO-e1653917382550.png\",\"width\":300,\"height\":74,\"caption\":\"IHMA\"},\"image\":{\"@id\":\"https:\/\/ihma.at\/#\/schema\/logo\/image\/\"}}]}<\/script>\n<!-- \/ Yoast SEO plugin. -->","yoast_head_json":{"title":"Impressum - IHMA","robots":{"index":"index","follow":"follow","max-snippet":"max-snippet:-1","max-image-preview":"max-image-preview:large","max-video-preview":"max-video-preview:-1"},"canonical":"https:\/\/ihma.at\/de_de\/impressum\/","og_locale":"de_DE","og_type":"article","og_title":"Impressum - IHMA","og_description":"IMPRESSUM Informationspflicht lt. \u00a75 E-Commerce Gesetz, \u00a714 Unternehmensgesetzbuch bzw. \u00a763 Gewerbeordnung und Offenlegungspflicht lt. \u00a725 Mediengesetz: Medieninhaber: Name: International Human &amp; Medical Aid \/ IHMA Internationale humanit\u00e4re &amp; medizinische Hilfe [&hellip;]","og_url":"https:\/\/ihma.at\/de_de\/impressum\/","og_site_name":"IHMA","article_modified_time":"2022-08-07T10:30:17+00:00","twitter_card":"summary_large_image","twitter_misc":{"Gesch\u00e4tzte Lesezeit":"2\u00a0Minuten"},"schema":{"@context":"https:\/\/schema.org","@graph":[{"@type":"WebPage","@id":"https:\/\/ihma.at\/impressum\/","url":"https:\/\/ihma.at\/impressum\/","name":"Impressum - IHMA","isPartOf":{"@id":"https:\/\/ihma.at\/#website"},"datePublished":"2018-12-17T13:56:23+00:00","dateModified":"2022-08-07T10:30:17+00:00","breadcrumb":{"@id":"https:\/\/ihma.at\/impressum\/#breadcrumb"},"inLanguage":"de","potentialAction":[{"@type":"ReadAction","target":["https:\/\/ihma.at\/impressum\/"]}]},{"@type":"BreadcrumbList","@id":"https:\/\/ihma.at\/impressum\/#breadcrumb","itemListElement":[{"@type":"ListItem","position":1,"name":"Startseite","item":"https:\/\/ihma.at\/de_de\/"},{"@type":"ListItem","position":2,"name":"Impressum"}]},{"@type":"WebSite","@id":"https:\/\/ihma.at\/#website","url":"https:\/\/ihma.at\/","name":"IHMA","description":"INTERNATIONAL HUMAN ","publisher":{"@id":"https:\/\/ihma.at\/#organization"},"potentialAction":[{"@type":"SearchAction","target":{"@type":"EntryPoint","urlTemplate":"https:\/\/ihma.at\/?s={search_term_string}"},"query-input":"required name=search_term_string"}],"inLanguage":"de"},{"@type":"Organization","@id":"https:\/\/ihma.at\/#organization","name":"IHMA","url":"https:\/\/ihma.at\/","logo":{"@type":"ImageObject","inLanguage":"de","@id":"https:\/\/ihma.at\/#\/schema\/logo\/image\/","url":"https:\/\/ihma.at\/wp-content\/uploads\/2022\/05\/cropped-cropped-IHMA-BETA-LOGO-e1653917382550.png","contentUrl":"https:\/\/ihma.at\/wp-content\/uploads\/2022\/05\/cropped-cropped-IHMA-BETA-LOGO-e1653917382550.png","width":300,"height":74,"caption":"IHMA"},"image":{"@id":"https:\/\/ihma.at\/#\/schema\/logo\/image\/"}}]}},"_links":{"self":[{"href":"https:\/\/ihma.at\/de_de\/wp-json\/wp\/v2\/pages\/154"}],"collection":[{"href":"https:\/\/ihma.at\/de_de\/wp-json\/wp\/v2\/pages"}],"about":[{"href":"https:\/\/ihma.at\/de_de\/wp-json\/wp\/v2\/types\/page"}],"author":[{"embeddable":true,"href":"https:\/\/ihma.at\/de_de\/wp-json\/wp\/v2\/users\/1"}],"replies":[{"embeddable":true,"href":"https:\/\/ihma.at\/de_de\/wp-json\/wp\/v2\/comments?post=154"}],"version-history":[{"count":5,"href":"https:\/\/ihma.at\/de_de\/wp-json\/wp\/v2\/pages\/154\/revisions"}],"predecessor-version":[{"id":897,"href":"https:\/\/ihma.at\/de_de\/wp-json\/wp\/v2\/pages\/154\/revisions\/897"}],"wp:attachment":[{"href":"https:\/\/ihma.at\/de_de\/wp-json\/wp\/v2\/media?parent=154"}],"curies":[{"name":"wp","href":"https:\/\/api.w.org\/{rel}","templated":true}]}}