{"id":28,"date":"2018-11-13T13:13:37","date_gmt":"2018-11-13T12:13:37","guid":{"rendered":"https:\/\/ihma.at\/hestia-front\/"},"modified":"2022-08-08T19:40:26","modified_gmt":"2022-08-08T17:40:26","slug":"hestia-front","status":"publish","type":"page","link":"https:\/\/ihma.at\/de_de\/","title":{"rendered":"Willkommen"},"content":{"rendered":"\n\n\t\n\t\t<!-- MasterSlider -->\n\t\t<div id=\"P_MS62d2c89b40da7\" class=\"master-slider-parent msl IHMA PROJECTS  ms-parent-id-1\" style=\"\">\n\n\t\t\t\n\t\t\t<!-- MasterSlider Main -->\n\t\t\t<div id=\"MS62d2c89b40da7\" class=\"master-slider ms-skin-light-3\" >\n\t\t\t\t \t\t\t\t \n\t\t\t\t<div  class=\"ms-slide\" data-delay=\"3.5\" data-fill-mode=\"fill\"  >\n\t\t\t\t\t<img src=\"https:\/\/ihma.at\/wp-content\/plugins\/master-slider\/public\/assets\/css\/blank.gif\" alt=\"\" title=\"\" data-src=\"https:\/\/ihma.at\/wp-content\/uploads\/2018\/11\/ihma.jpg\" \/>\n\t<a href=\"https:\/\/ihma.at\/de_de\/projekte\/\" target=\"_blank\"    ><\/a>\n\n\t\t\t\t\t<div class=\"ms-info\"><h2 style=\"text-align: center;\">HUMANIT\u00c4RE HILFE<\/h2><\/div>\n\n\n\t<div class=\"ms-thumb\" ><div class=\"ms-tab-context\"><div class=&quot;ms-tab-context&quot;><\/div><\/div>\n<\/div>\n\t\t\t\t<\/div>\n\t\t\t\t<div  class=\"ms-slide\" data-delay=\"1.5\" data-fill-mode=\"fill\"  >\n\t\t\t\t\t<img src=\"https:\/\/ihma.at\/wp-content\/plugins\/master-slider\/public\/assets\/css\/blank.gif\" alt=\"\" title=\"\" data-src=\"https:\/\/ihma.at\/wp-content\/uploads\/2019\/05\/IMG_7110.jpg\" \/>\n\n\t\t\t\t\t<div class=\"ms-info ms-info-empty\">&nbsp;<\/div>\n\n\n\t<div class=\"ms-thumb\" ><div class=\"ms-tab-context\"><div class=&quot;ms-tab-context&quot;><\/div><\/div>\n<\/div>\n\t\t\t\t<\/div>\n\t\t\t\t<div  class=\"ms-slide\" data-delay=\"3\" data-fill-mode=\"fill\"  >\n\t\t\t\t\t<img src=\"https:\/\/ihma.at\/wp-content\/plugins\/master-slider\/public\/assets\/css\/blank.gif\" alt=\"\" title=\"\" data-src=\"https:\/\/ihma.at\/wp-content\/uploads\/2019\/05\/DSC_0170.jpg\" \/>\n\t<a href=\"https:\/\/ihma.at\/de_de\/projekte\/\"     ><\/a>\n\n\t\t\t\t\t<div class=\"ms-info\"><h2 style=\"text-align: center;\">FIRST AID<\/h2><\/div>\n\n\n\t<div class=\"ms-thumb\" ><div class=\"ms-tab-context\"><div class=&quot;ms-tab-context&quot;><\/div><\/div>\n<\/div>\n\t\t\t\t<\/div>\n\t\t\t\t<div  class=\"ms-slide\" data-delay=\"3\" data-fill-mode=\"fill\"  >\n\t\t\t\t\t<img src=\"https:\/\/ihma.at\/wp-content\/plugins\/master-slider\/public\/assets\/css\/blank.gif\" alt=\"\" title=\"\" data-src=\"https:\/\/ihma.at\/wp-content\/uploads\/2018\/12\/Nepal-76.jpg\" \/>\n\t<a href=\"https:\/\/ihma.at\/de_de\/projekte\/\"     ><\/a>\n\n\t\t\t\t\t<div class=\"ms-info\"><h2 style=\"text-align: center;\">\"WASH\" PROJECTS<\/h2><\/div>\n\n\n\t<div class=\"ms-thumb\" ><div class=\"ms-tab-context\"><div class=&quot;ms-tab-context&quot;><\/div><\/div>\n<\/div>\n\t\t\t\t<\/div>\n\t\t\t\t<div  class=\"ms-slide\" data-delay=\"3\" data-fill-mode=\"fill\"  >\n\t\t\t\t\t<img src=\"https:\/\/ihma.at\/wp-content\/plugins\/master-slider\/public\/assets\/css\/blank.gif\" alt=\"\" title=\"\" data-src=\"https:\/\/ihma.at\/wp-content\/uploads\/2019\/05\/LDAU0313.jpg\" \/>\n\n\t\t\t\t\t<div class=\"ms-info ms-info-empty\">&nbsp;<\/div>\n\n\n\t<div class=\"ms-thumb\" ><div class=\"ms-tab-context\"><div class=&quot;ms-tab-context&quot;><\/div><\/div>\n<\/div>\n\t\t\t\t<\/div>\n\n\t\t\t<\/div>\n\t\t\t<!-- END MasterSlider Main -->\n\n\t\t\t \n\t\t<\/div>\n\t\t<!-- END MasterSlider -->\n\n\t\t<script>\n\t\t(function ( $ ) {\n\t\t\t\"use strict\";\n\n\t\t\t$(function () {\n\t\t\t\tvar masterslider_0da7 = new MasterSlider();\n\n\t\t\t\t\/\/ slider controls\n\t\t\t\tmasterslider_0da7.control('arrows'     ,{ autohide:false, overVideo:true  });\n\t\t\t\tmasterslider_0da7.control('slideinfo'  ,{ autohide:false, overVideo:true, dir:'h', align:'bottom',inset:false , margin:10   });\n\t\t\t\t\/\/ slider setup\n\t\t\t\tmasterslider_0da7.setup(\"MS62d2c89b40da7\", {\n\t\t\t\t\t\twidth           : 700,\n\t\t\t\t\t\theight          : 480,\n\t\t\t\t\t\tminHeight       : 0,\n\t\t\t\t\t\tspace           : 0,\n\t\t\t\t\t\tstart           : 1,\n\t\t\t\t\t\tgrabCursor      : true,\n\t\t\t\t\t\tswipe           : true,\n\t\t\t\t\t\tmouse           : true,\n\t\t\t\t\t\tlayout          : \"fullwidth\",\n\t\t\t\t\t\twheel           : false,\n\t\t\t\t\t\tautoplay        : true,\n\t\t\t\t\t\tinstantStartLayers:false,\n\t\t\t\t\t\tloop            : false,\n\t\t\t\t\t\tshuffle         : false,\n\t\t\t\t\t\tpreload         : 0,\n\t\t\t\t\t\theightLimit     : true,\n\t\t\t\t\t\tautoHeight      : false,\n\t\t\t\t\t\tsmoothHeight    : true,\n\t\t\t\t\t\tendPause        : false,\n\t\t\t\t\t\toverPause       : true,\n\t\t\t\t\t\tfillMode        : \"fill\",\n\t\t\t\t\t\tcenterControls  : true,\n\t\t\t\t\t\tstartOnAppear   : false,\n\t\t\t\t\t\tlayersMode      : \"center\",\n\t\t\t\t\t\thideLayers      : false,\n\t\t\t\t\t\tfullscreenMargin: 0,\n\t\t\t\t\t\tspeed           : 6,\n\t\t\t\t\t\tdir             : \"h\",\n\t\t\t\t\t\tparallaxMode    : 'swipe',\n\t\t\t\t\t\tview            : \"basic\"\n\t\t\t\t});\n\n\t\t\t\t\n\t\t\t\twindow.masterslider_instances = window.masterslider_instances || [];\n\t\t\t\twindow.masterslider_instances.push( masterslider_0da7 );\n\t\t\t });\n\n\t\t})(jQuery);\n\t\t<\/script>\n\n\n<h1>\n\t\tIHMA WE CARE.\n\t<\/h1>\n<h2>\n\t\tEVERYWHERE.\n\t<\/h2>\n\t\t\t<a href=\"\/spenden\" target=\"_self\" role=\"button\" rel=\"noopener\">\n\t\t\t\t\t\t\tIHMA Unterst\u00fctzen!\n\t\t\t<\/a>\n\t\t\t<a href=\"\/uber-ihma\" target=\"_self\" role=\"button\" rel=\"noopener\">\n\t\t\t\t\t\t\tErfahre mehr \u00fcber IHMA\n\t\t\t\t\t<\/a>\n<h2>\n\t\tWerte der IHMA\n\t<\/h2>\n\t<p>F\u00f6rderung der Neutralit\u00e4t in Bezug auf ethnische Herkunft, Hautfarbe, Religion oder politische Gesinnung<\/p>\n\t\t\t\t<img decoding=\"async\" loading=\"lazy\" src=\"https:\/\/ihma.at\/wp-content\/uploads\/2022\/07\/line-illustration-IHMA.png\" alt=\"line-illustration-IHMA\" itemprop=\"image\" height=\"482\" width=\"42\" title=\"line-illustration-IHMA\" onerror=\"this.style.display='none'\"  \/>\n\t<p>Kleine, transparente, weltweiteProjekte in direkter Zusammenarbeit mit lokalen Betreuern vor Ort<\/p>\n\t\t\t\t<img decoding=\"async\" loading=\"lazy\" src=\"https:\/\/ihma.at\/wp-content\/uploads\/2022\/07\/2a.jpg\" alt=\"2a\" itemprop=\"image\" height=\"768\" width=\"1024\" title=\"2a\" onerror=\"this.style.display='none'\"  \/>\n<h3>\n\t\tUkraine\n\t<\/h3>\n<h4>\n\t\tWie ein gespendeter Krankenwagen in die Ukraine kommt&#8230;\n\t<\/h4>\n\t\t\t<a href=\"https:\/\/ihma.at\/de_de\/2022\/07\/10\/wie-ein-gespendeter-krankenwagen-in-die-ukraine-kommt\/\" target=\"_self\" role=\"button\" rel=\"noopener\">\n\t\t\t\t\t\tMehr Dazu\n\t\t\t\t\t<\/a>\n\t\t\t\t<img decoding=\"async\" loading=\"lazy\" src=\"https:\/\/ihma.at\/wp-content\/uploads\/2022\/06\/276222255_10227574479615655_1006660529580672504_n.jpg\" alt=\"276222255_10227574479615655_1006660529580672504_n\" itemprop=\"image\" height=\"768\" width=\"1024\" title=\"276222255_10227574479615655_1006660529580672504_n\" onerror=\"this.style.display='none'\"  \/>\n<h3>\n\t\tFl\u00fcchtlinge\n\t<\/h3>\n<h4>\n\t\tZusammenarbeit mit ADRA Romania an der rum\u00e4nisch \/ ukrainischen Grenze&#8230;\n\t<\/h4>\n\t\t\t<a href=\"https:\/\/ihma.at\/de_de\/2022\/07\/10\/wie-ein-gespendeter-krankenwagen-in-die-ukraine-kommt\/\" target=\"_self\" role=\"button\" rel=\"noopener\">\n\t\t\t\t\t\tMehr Dazu\n\t\t\t\t\t<\/a>\n<h3>\n\t\tProjekte\n\t<\/h3>\n<h4>\n\t\t2-3 Projekte pro Jahr, in Zusammenarbeit mit anderen Organisationen nochmals 2-3 pro Jahr\n\t<\/h4>\n<h3>\n\t\tL\u00e4nder\n\t<\/h3>\n<h4>\n\t\tNepal, Nigeria, Costa Rica, Rum\u00e4nien, Kanada, Kenya, Dom Rep, Deutschland\n\t<\/h4>\n<h3>\n\t\tMitglieder\n\t<\/h3>\n<h4>\n\t\t6 Mitglieder im Vorstand, 8 aktive Mitglieder\n\t<\/h4>\n<h1>\n\t\tWERDEN SIE MITGLIED DER INTERNATIONAL HUMAN &#038; MEDICAL AID!\n\t<\/h1>\n\t\t\t<a href=\"\/mitglied-werden-2\/\" target=\"_self\" role=\"button\" rel=\"noopener\">\n\t\t\t\t\t\t\tJetzt Mitglied werden!\n\t\t\t<\/a>\n\n","protected":false},"excerpt":{"rendered":"<p>IHMA WE CARE. EVERYWHERE. IHMA Unterst\u00fctzen! Erfahre mehr \u00fcber IHMA Werte der IHMA F\u00f6rderung der Neutralit\u00e4t in Bezug auf ethnische Herkunft, Hautfarbe, Religion oder politische Gesinnung Kleine, transparente, weltweiteProjekte in [&hellip;]<\/p>\n","protected":false},"author":1,"featured_media":0,"parent":0,"menu_order":0,"comment_status":"closed","ping_status":"closed","template":"","meta":[],"yoast_head":"<!-- This site is optimized with the Yoast SEO plugin v21.1 - https:\/\/yoast.com\/wordpress\/plugins\/seo\/ -->\n<title>Willkommen - IHMA<\/title>\n<meta name=\"robots\" content=\"index, follow, max-snippet:-1, max-image-preview:large, max-video-preview:-1\" \/>\n<link rel=\"canonical\" href=\"https:\/\/ihma.at\/de_de\/\" \/>\n<meta property=\"og:locale\" content=\"de_DE\" \/>\n<meta property=\"og:type\" content=\"article\" \/>\n<meta property=\"og:title\" content=\"Willkommen - IHMA\" \/>\n<meta property=\"og:description\" content=\"IHMA WE CARE. EVERYWHERE. IHMA Unterst\u00fctzen! Erfahre mehr \u00fcber IHMA Werte der IHMA F\u00f6rderung der Neutralit\u00e4t in Bezug auf ethnische Herkunft, Hautfarbe, Religion oder politische Gesinnung Kleine, transparente, weltweiteProjekte in [&hellip;]\" \/>\n<meta property=\"og:url\" content=\"https:\/\/ihma.at\/de_de\/\" \/>\n<meta property=\"og:site_name\" content=\"IHMA\" \/>\n<meta property=\"article:modified_time\" content=\"2022-08-08T17:40:26+00:00\" \/>\n<meta property=\"og:image\" content=\"https:\/\/ihma.at\/wp-content\/uploads\/2022\/07\/line-illustration-IHMA.png\" \/>\n<meta name=\"twitter:card\" content=\"summary_large_image\" \/>\n<meta name=\"twitter:label1\" content=\"Gesch\u00e4tzte Lesezeit\" \/>\n\t<meta name=\"twitter:data1\" content=\"2\u00a0Minuten\" \/>\n<script type=\"application\/ld+json\" class=\"yoast-schema-graph\">{\"@context\":\"https:\/\/schema.org\",\"@graph\":[{\"@type\":\"WebPage\",\"@id\":\"https:\/\/ihma.at\/de_de\/\",\"url\":\"https:\/\/ihma.at\/de_de\/\",\"name\":\"Willkommen - IHMA\",\"isPartOf\":{\"@id\":\"https:\/\/ihma.at\/#website\"},\"datePublished\":\"2018-11-13T12:13:37+00:00\",\"dateModified\":\"2022-08-08T17:40:26+00:00\",\"breadcrumb\":{\"@id\":\"https:\/\/ihma.at\/de_de\/#breadcrumb\"},\"inLanguage\":\"de\",\"potentialAction\":[{\"@type\":\"ReadAction\",\"target\":[\"https:\/\/ihma.at\/de_de\/\"]}]},{\"@type\":\"BreadcrumbList\",\"@id\":\"https:\/\/ihma.at\/de_de\/#breadcrumb\",\"itemListElement\":[{\"@type\":\"ListItem\",\"position\":1,\"name\":\"Startseite\",\"item\":\"https:\/\/ihma.at\/de_de\/\"},{\"@type\":\"ListItem\",\"position\":2,\"name\":\"Willkommen\"}]},{\"@type\":\"WebSite\",\"@id\":\"https:\/\/ihma.at\/#website\",\"url\":\"https:\/\/ihma.at\/\",\"name\":\"IHMA\",\"description\":\"INTERNATIONAL HUMAN \",\"publisher\":{\"@id\":\"https:\/\/ihma.at\/#organization\"},\"potentialAction\":[{\"@type\":\"SearchAction\",\"target\":{\"@type\":\"EntryPoint\",\"urlTemplate\":\"https:\/\/ihma.at\/?s={search_term_string}\"},\"query-input\":\"required name=search_term_string\"}],\"inLanguage\":\"de\"},{\"@type\":\"Organization\",\"@id\":\"https:\/\/ihma.at\/#organization\",\"name\":\"IHMA\",\"url\":\"https:\/\/ihma.at\/\",\"logo\":{\"@type\":\"ImageObject\",\"inLanguage\":\"de\",\"@id\":\"https:\/\/ihma.at\/#\/schema\/logo\/image\/\",\"url\":\"https:\/\/ihma.at\/wp-content\/uploads\/2022\/05\/cropped-cropped-IHMA-BETA-LOGO-e1653917382550.png\",\"contentUrl\":\"https:\/\/ihma.at\/wp-content\/uploads\/2022\/05\/cropped-cropped-IHMA-BETA-LOGO-e1653917382550.png\",\"width\":300,\"height\":74,\"caption\":\"IHMA\"},\"image\":{\"@id\":\"https:\/\/ihma.at\/#\/schema\/logo\/image\/\"}}]}<\/script>\n<!-- \/ Yoast SEO plugin. -->","yoast_head_json":{"title":"Willkommen - IHMA","robots":{"index":"index","follow":"follow","max-snippet":"max-snippet:-1","max-image-preview":"max-image-preview:large","max-video-preview":"max-video-preview:-1"},"canonical":"https:\/\/ihma.at\/de_de\/","og_locale":"de_DE","og_type":"article","og_title":"Willkommen - IHMA","og_description":"IHMA WE CARE. EVERYWHERE. IHMA Unterst\u00fctzen! Erfahre mehr \u00fcber IHMA Werte der IHMA F\u00f6rderung der Neutralit\u00e4t in Bezug auf ethnische Herkunft, Hautfarbe, Religion oder politische Gesinnung Kleine, transparente, weltweiteProjekte in [&hellip;]","og_url":"https:\/\/ihma.at\/de_de\/","og_site_name":"IHMA","article_modified_time":"2022-08-08T17:40:26+00:00","og_image":[{"url":"https:\/\/ihma.at\/wp-content\/uploads\/2022\/07\/line-illustration-IHMA.png"}],"twitter_card":"summary_large_image","twitter_misc":{"Gesch\u00e4tzte Lesezeit":"2\u00a0Minuten"},"schema":{"@context":"https:\/\/schema.org","@graph":[{"@type":"WebPage","@id":"https:\/\/ihma.at\/de_de\/","url":"https:\/\/ihma.at\/de_de\/","name":"Willkommen - IHMA","isPartOf":{"@id":"https:\/\/ihma.at\/#website"},"datePublished":"2018-11-13T12:13:37+00:00","dateModified":"2022-08-08T17:40:26+00:00","breadcrumb":{"@id":"https:\/\/ihma.at\/de_de\/#breadcrumb"},"inLanguage":"de","potentialAction":[{"@type":"ReadAction","target":["https:\/\/ihma.at\/de_de\/"]}]},{"@type":"BreadcrumbList","@id":"https:\/\/ihma.at\/de_de\/#breadcrumb","itemListElement":[{"@type":"ListItem","position":1,"name":"Startseite","item":"https:\/\/ihma.at\/de_de\/"},{"@type":"ListItem","position":2,"name":"Willkommen"}]},{"@type":"WebSite","@id":"https:\/\/ihma.at\/#website","url":"https:\/\/ihma.at\/","name":"IHMA","description":"INTERNATIONAL HUMAN ","publisher":{"@id":"https:\/\/ihma.at\/#organization"},"potentialAction":[{"@type":"SearchAction","target":{"@type":"EntryPoint","urlTemplate":"https:\/\/ihma.at\/?s={search_term_string}"},"query-input":"required name=search_term_string"}],"inLanguage":"de"},{"@type":"Organization","@id":"https:\/\/ihma.at\/#organization","name":"IHMA","url":"https:\/\/ihma.at\/","logo":{"@type":"ImageObject","inLanguage":"de","@id":"https:\/\/ihma.at\/#\/schema\/logo\/image\/","url":"https:\/\/ihma.at\/wp-content\/uploads\/2022\/05\/cropped-cropped-IHMA-BETA-LOGO-e1653917382550.png","contentUrl":"https:\/\/ihma.at\/wp-content\/uploads\/2022\/05\/cropped-cropped-IHMA-BETA-LOGO-e1653917382550.png","width":300,"height":74,"caption":"IHMA"},"image":{"@id":"https:\/\/ihma.at\/#\/schema\/logo\/image\/"}}]}},"_links":{"self":[{"href":"https:\/\/ihma.at\/de_de\/wp-json\/wp\/v2\/pages\/28"}],"collection":[{"href":"https:\/\/ihma.at\/de_de\/wp-json\/wp\/v2\/pages"}],"about":[{"href":"https:\/\/ihma.at\/de_de\/wp-json\/wp\/v2\/types\/page"}],"author":[{"embeddable":true,"href":"https:\/\/ihma.at\/de_de\/wp-json\/wp\/v2\/users\/1"}],"replies":[{"embeddable":true,"href":"https:\/\/ihma.at\/de_de\/wp-json\/wp\/v2\/comments?post=28"}],"version-history":[{"count":75,"href":"https:\/\/ihma.at\/de_de\/wp-json\/wp\/v2\/pages\/28\/revisions"}],"predecessor-version":[{"id":969,"href":"https:\/\/ihma.at\/de_de\/wp-json\/wp\/v2\/pages\/28\/revisions\/969"}],"wp:attachment":[{"href":"https:\/\/ihma.at\/de_de\/wp-json\/wp\/v2\/media?parent=28"}],"curies":[{"name":"wp","href":"https:\/\/api.w.org\/{rel}","templated":true}]}}