{"id":438,"date":"2019-05-15T13:15:44","date_gmt":"2019-05-15T11:15:44","guid":{"rendered":"https:\/\/ihma.at\/?page_id=438"},"modified":"2022-06-15T15:09:20","modified_gmt":"2022-06-15T13:09:20","slug":"projekte","status":"publish","type":"page","link":"https:\/\/ihma.at\/de_de\/projekte\/","title":{"rendered":"PROJEKTE"},"content":{"rendered":"\n\n\t<h1>UNSERE PROJEKTE WELTWEIT<br \/>\n<\/h1>\n\t<p>WASH PROJEKTE<\/p>\n\t\t\t\t<img decoding=\"async\" loading=\"lazy\" src=\"https:\/\/ihma.at\/wp-content\/uploads\/2018\/12\/ihma-4.jpg\" alt=\"wash projekte ihma nepal\" itemprop=\"image\" height=\"539\" width=\"960\" title=\"wash projekte ihma nepal\" onerror=\"this.style.display='none'\"  \/>\n\t<p>In Nepal sind wir vor Ort mit unseren WASH PROJECTS aktiv. Zur Krankheitsprophylaxe lehren wir Kindern den richtigen Umgang zur K\u00f6rperpflege und statten sie mit allen n\u00f6tigen Hygiene Utensilien aus.<\/p>\n\tBERGRETTUNG<br \/>\n\n\t\t\t\t<img decoding=\"async\" loading=\"lazy\" src=\"https:\/\/ihma.at\/wp-content\/uploads\/2019\/05\/DSC_0170.jpg\" alt=\"Bergrettung IHMA Nepal\" itemprop=\"image\" height=\"4000\" width=\"6000\" title=\"Bergrettung IHMA Nepal\" onerror=\"this.style.display='none'\"  \/>\n\t<p>\u00a0In Nepal bilden wir junge Sherpas, Schulkinder und Bev\u00f6lkerung in, dort so wichtigen, erste Hilfe Ma\u00dfnahmen f\u00fcr Notsituationen aus. Zudem vermitteln wir fachgerechte Anleitung zur kompetenten Berg Rettung.<\/p>\n\tERSTE HILFE NEPAL<br \/>\n\n\t\t\t\t<img decoding=\"async\" loading=\"lazy\" src=\"https:\/\/ihma.at\/wp-content\/uploads\/2019\/05\/DSCN1988.jpg\" alt=\"IHMA Projekte Caroline Weishaupt\" itemprop=\"image\" height=\"2592\" width=\"3593\" title=\"IHMA Projekte Caroline Weishaupt\" onerror=\"this.style.display='none'\"  \/>\n\t<p>In Nepal versorgen wir Kinder und Menschen in \u00e4rmlichen Verh\u00e4ltnissen &#8211; oder Notsituationen &#8211; mit Kleidung, Erstversorgung, Bildung und allem was sie f\u00fcr ihren Schutz und ein w\u00fcrdevolles Leben ben\u00f6tigen.<\/p>\n\t<p>KINDERHEIME<\/p>\n\t\t\t\t<img decoding=\"async\" loading=\"lazy\" src=\"https:\/\/ihma.at\/wp-content\/uploads\/2019\/01\/Nigeria-Kinder.jpg\" alt=\"Nigeria Kinder\" itemprop=\"image\" height=\"1080\" width=\"813\" title=\"Nigeria Kinder\" onerror=\"this.style.display='none'\"  \/>\n\t<p>In Nigeria unterst\u00fctzen wir Waisenkinder mit Kleidung, hygienischer Aufkl\u00e4rung, Medizin und Ern\u00e4hrung. Um ihnen eine bessere Zukunft zu erm\u00f6glichen, investieren wir zudem in ihre Schulbildung.<\/p>\n\n","protected":false},"excerpt":{"rendered":"<p>UNSERE PROJEKTE WELTWEIT WASH PROJEKTE In Nepal sind wir vor Ort mit unseren WASH PROJECTS aktiv. Zur Krankheitsprophylaxe lehren wir Kindern den richtigen Umgang zur K\u00f6rperpflege und statten sie mit [&hellip;]<\/p>\n","protected":false},"author":1,"featured_media":0,"parent":0,"menu_order":0,"comment_status":"closed","ping_status":"closed","template":"","meta":[],"yoast_head":"<!-- This site is optimized with the Yoast SEO plugin v21.1 - https:\/\/yoast.com\/wordpress\/plugins\/seo\/ -->\n<title>PROJEKTE - IHMA<\/title>\n<meta name=\"robots\" content=\"index, follow, max-snippet:-1, max-image-preview:large, max-video-preview:-1\" \/>\n<link rel=\"canonical\" href=\"https:\/\/ihma.at\/de_de\/projekte\/\" \/>\n<meta property=\"og:locale\" content=\"de_DE\" \/>\n<meta property=\"og:type\" content=\"article\" \/>\n<meta property=\"og:title\" content=\"PROJEKTE - IHMA\" \/>\n<meta property=\"og:description\" content=\"UNSERE PROJEKTE WELTWEIT WASH PROJEKTE In Nepal sind wir vor Ort mit unseren WASH PROJECTS aktiv. Zur Krankheitsprophylaxe lehren wir Kindern den richtigen Umgang zur K\u00f6rperpflege und statten sie mit [&hellip;]\" \/>\n<meta property=\"og:url\" content=\"https:\/\/ihma.at\/de_de\/projekte\/\" \/>\n<meta property=\"og:site_name\" content=\"IHMA\" \/>\n<meta property=\"article:modified_time\" content=\"2022-06-15T13:09:20+00:00\" \/>\n<meta property=\"og:image\" content=\"https:\/\/ihma.at\/wp-content\/uploads\/2018\/12\/ihma-4.jpg\" \/>\n<meta name=\"twitter:card\" content=\"summary_large_image\" \/>\n<meta name=\"twitter:label1\" content=\"Gesch\u00e4tzte Lesezeit\" \/>\n\t<meta name=\"twitter:data1\" content=\"2\u00a0Minuten\" \/>\n<script type=\"application\/ld+json\" class=\"yoast-schema-graph\">{\"@context\":\"https:\/\/schema.org\",\"@graph\":[{\"@type\":\"WebPage\",\"@id\":\"https:\/\/ihma.at\/de_de\/projekte\/\",\"url\":\"https:\/\/ihma.at\/de_de\/projekte\/\",\"name\":\"PROJEKTE - IHMA\",\"isPartOf\":{\"@id\":\"https:\/\/ihma.at\/#website\"},\"datePublished\":\"2019-05-15T11:15:44+00:00\",\"dateModified\":\"2022-06-15T13:09:20+00:00\",\"breadcrumb\":{\"@id\":\"https:\/\/ihma.at\/de_de\/projekte\/#breadcrumb\"},\"inLanguage\":\"de\",\"potentialAction\":[{\"@type\":\"ReadAction\",\"target\":[\"https:\/\/ihma.at\/de_de\/projekte\/\"]}]},{\"@type\":\"BreadcrumbList\",\"@id\":\"https:\/\/ihma.at\/de_de\/projekte\/#breadcrumb\",\"itemListElement\":[{\"@type\":\"ListItem\",\"position\":1,\"name\":\"Startseite\",\"item\":\"https:\/\/ihma.at\/de_de\/\"},{\"@type\":\"ListItem\",\"position\":2,\"name\":\"PROJEKTE\"}]},{\"@type\":\"WebSite\",\"@id\":\"https:\/\/ihma.at\/#website\",\"url\":\"https:\/\/ihma.at\/\",\"name\":\"IHMA\",\"description\":\"INTERNATIONAL HUMAN \",\"publisher\":{\"@id\":\"https:\/\/ihma.at\/#organization\"},\"potentialAction\":[{\"@type\":\"SearchAction\",\"target\":{\"@type\":\"EntryPoint\",\"urlTemplate\":\"https:\/\/ihma.at\/?s={search_term_string}\"},\"query-input\":\"required name=search_term_string\"}],\"inLanguage\":\"de\"},{\"@type\":\"Organization\",\"@id\":\"https:\/\/ihma.at\/#organization\",\"name\":\"IHMA\",\"url\":\"https:\/\/ihma.at\/\",\"logo\":{\"@type\":\"ImageObject\",\"inLanguage\":\"de\",\"@id\":\"https:\/\/ihma.at\/#\/schema\/logo\/image\/\",\"url\":\"https:\/\/ihma.at\/wp-content\/uploads\/2022\/05\/cropped-cropped-IHMA-BETA-LOGO-e1653917382550.png\",\"contentUrl\":\"https:\/\/ihma.at\/wp-content\/uploads\/2022\/05\/cropped-cropped-IHMA-BETA-LOGO-e1653917382550.png\",\"width\":300,\"height\":74,\"caption\":\"IHMA\"},\"image\":{\"@id\":\"https:\/\/ihma.at\/#\/schema\/logo\/image\/\"}}]}<\/script>\n<!-- \/ Yoast SEO plugin. -->","yoast_head_json":{"title":"PROJEKTE - IHMA","robots":{"index":"index","follow":"follow","max-snippet":"max-snippet:-1","max-image-preview":"max-image-preview:large","max-video-preview":"max-video-preview:-1"},"canonical":"https:\/\/ihma.at\/de_de\/projekte\/","og_locale":"de_DE","og_type":"article","og_title":"PROJEKTE - IHMA","og_description":"UNSERE PROJEKTE WELTWEIT WASH PROJEKTE In Nepal sind wir vor Ort mit unseren WASH PROJECTS aktiv. Zur Krankheitsprophylaxe lehren wir Kindern den richtigen Umgang zur K\u00f6rperpflege und statten sie mit [&hellip;]","og_url":"https:\/\/ihma.at\/de_de\/projekte\/","og_site_name":"IHMA","article_modified_time":"2022-06-15T13:09:20+00:00","og_image":[{"url":"https:\/\/ihma.at\/wp-content\/uploads\/2018\/12\/ihma-4.jpg"}],"twitter_card":"summary_large_image","twitter_misc":{"Gesch\u00e4tzte Lesezeit":"2\u00a0Minuten"},"schema":{"@context":"https:\/\/schema.org","@graph":[{"@type":"WebPage","@id":"https:\/\/ihma.at\/de_de\/projekte\/","url":"https:\/\/ihma.at\/de_de\/projekte\/","name":"PROJEKTE - IHMA","isPartOf":{"@id":"https:\/\/ihma.at\/#website"},"datePublished":"2019-05-15T11:15:44+00:00","dateModified":"2022-06-15T13:09:20+00:00","breadcrumb":{"@id":"https:\/\/ihma.at\/de_de\/projekte\/#breadcrumb"},"inLanguage":"de","potentialAction":[{"@type":"ReadAction","target":["https:\/\/ihma.at\/de_de\/projekte\/"]}]},{"@type":"BreadcrumbList","@id":"https:\/\/ihma.at\/de_de\/projekte\/#breadcrumb","itemListElement":[{"@type":"ListItem","position":1,"name":"Startseite","item":"https:\/\/ihma.at\/de_de\/"},{"@type":"ListItem","position":2,"name":"PROJEKTE"}]},{"@type":"WebSite","@id":"https:\/\/ihma.at\/#website","url":"https:\/\/ihma.at\/","name":"IHMA","description":"INTERNATIONAL HUMAN ","publisher":{"@id":"https:\/\/ihma.at\/#organization"},"potentialAction":[{"@type":"SearchAction","target":{"@type":"EntryPoint","urlTemplate":"https:\/\/ihma.at\/?s={search_term_string}"},"query-input":"required name=search_term_string"}],"inLanguage":"de"},{"@type":"Organization","@id":"https:\/\/ihma.at\/#organization","name":"IHMA","url":"https:\/\/ihma.at\/","logo":{"@type":"ImageObject","inLanguage":"de","@id":"https:\/\/ihma.at\/#\/schema\/logo\/image\/","url":"https:\/\/ihma.at\/wp-content\/uploads\/2022\/05\/cropped-cropped-IHMA-BETA-LOGO-e1653917382550.png","contentUrl":"https:\/\/ihma.at\/wp-content\/uploads\/2022\/05\/cropped-cropped-IHMA-BETA-LOGO-e1653917382550.png","width":300,"height":74,"caption":"IHMA"},"image":{"@id":"https:\/\/ihma.at\/#\/schema\/logo\/image\/"}}]}},"_links":{"self":[{"href":"https:\/\/ihma.at\/de_de\/wp-json\/wp\/v2\/pages\/438"}],"collection":[{"href":"https:\/\/ihma.at\/de_de\/wp-json\/wp\/v2\/pages"}],"about":[{"href":"https:\/\/ihma.at\/de_de\/wp-json\/wp\/v2\/types\/page"}],"author":[{"embeddable":true,"href":"https:\/\/ihma.at\/de_de\/wp-json\/wp\/v2\/users\/1"}],"replies":[{"embeddable":true,"href":"https:\/\/ihma.at\/de_de\/wp-json\/wp\/v2\/comments?post=438"}],"version-history":[{"count":3,"href":"https:\/\/ihma.at\/de_de\/wp-json\/wp\/v2\/pages\/438\/revisions"}],"predecessor-version":[{"id":782,"href":"https:\/\/ihma.at\/de_de\/wp-json\/wp\/v2\/pages\/438\/revisions\/782"}],"wp:attachment":[{"href":"https:\/\/ihma.at\/de_de\/wp-json\/wp\/v2\/media?parent=438"}],"curies":[{"name":"wp","href":"https:\/\/api.w.org\/{rel}","templated":true}]}}