{"id":712,"date":"2022-06-05T12:47:26","date_gmt":"2022-06-05T10:47:26","guid":{"rendered":"https:\/\/ihma.at\/?page_id=712"},"modified":"2022-06-16T23:05:12","modified_gmt":"2022-06-16T21:05:12","slug":"uber-ihma","status":"publish","type":"page","link":"https:\/\/ihma.at\/de_de\/uber-ihma\/","title":{"rendered":"\u00dcber Ihma"},"content":{"rendered":"\n<h2>\n\t\t\u00dcber Uns\n\t<\/h2>\n\t<p>IHMA &#8211; international Human and Medical Aid &#8211; internationale humanit\u00e4re und medizinische Hilfe &#8211;\u00a0 ist eine <em>weltweit<\/em> t\u00e4tige Hilfsorganisation, die im Juni 2017 in Salzburg, \u00d6sterreich gegr\u00fcndet wurde. Der Vorstand besteht aus sechs Mitgliedern, die sowohl aus dem medizinischen als auch aus dem nicht medizinischen Umfeld kommen.<\/p>\n<p>Unsere Organisation verfolgt als oberstes Ziel die Hilfe zur Selbsthilfe in unseren jeweiligen Arbeitsgebieten. Gemeinsame Hilfsprojekte werden nach einer gewissen Zeit an lokale Betreuer abgeben, nachdem sie Fachwissen durch unsere Ausbildung selbst\u00e4ndig umsetzen k\u00f6nnen.<\/p>\n<p>Unser Wissen und unsere Erfahrung soll den hilfsbed\u00fcrftigen Menschen uneingeschr\u00e4nkt zur Verf\u00fcgung stehen, um Langzeiterfolge in den jeweiligen Projekten zu erreichen. Durch die F\u00f6rderung von sozialer Kompetenz schaffen wir ebenso ein friedvolles Umfeld, auch bei Umst\u00e4nden wie Kriegsgeschehen oder Naturkatastrophen.<\/p>\n<p><strong>Die gemeinsamen Werte der IHMA sind:<\/strong><\/p>\n<ul>\n<li>F\u00f6rderung der Neutralit\u00e4t in Bezug auf ethnische Herkunft, Hautfarbe, Religion oder politische Gesinnung<\/li>\n<li>Kleine, transparente, weltweiteProjekte in direkter Zusammenarbeit mit lokalen Betreuern vor Ort<\/li>\n<\/ul>\n<p>IHMA &#8211; international Human and Medical Aid &#8211; internationale humanit\u00e4re und medizinische Hilfe &#8211; arbeitet partnerschaftlich auch mit anderen, unser Kompetenzfeld, erg\u00e4nzenden Organisation zusammen, national wie auch international.<\/p>\n<p>Eine enge Zusammenarbeit besteht bereits mit Nepal, Indien, Afrika, der dominikanischen Republik. Ebenso f\u00f6rdern wir bereits Projekte in der europ\u00e4ischen Fl\u00fcchtlingshilfe und organisieren Hilfsg\u00fctertransporte nach Rum\u00e4nien und Bulgarien. Zudem k\u00fcmmern wir uns um die\u00a0 Unterst\u00fctzung von \u201eFirst Nation&#8220; Einwohnern (Indianer) in Kanada, Vancouver Island.<\/p>\n<div id='gallery-1' class='gallery galleryid-712 gallery-columns-4 gallery-size-thumbnail'><figure class='gallery-item'>\n\t\t\t<div class='gallery-icon landscape'>\n\t\t\t\t<a href='https:\/\/ihma.at\/wp-content\/uploads\/2018\/12\/Nepal-106.jpg'><img width=\"150\" height=\"150\" src=\"https:\/\/ihma.at\/wp-content\/uploads\/2018\/12\/Nepal-106-150x150.jpg\" class=\"attachment-thumbnail size-thumbnail\" alt=\"\" decoding=\"async\" loading=\"lazy\" \/><\/a>\n\t\t\t<\/div><\/figure><figure class='gallery-item'>\n\t\t\t<div class='gallery-icon landscape'>\n\t\t\t\t<a href='https:\/\/ihma.at\/wp-content\/uploads\/2018\/12\/Nepal-78.jpg'><img width=\"150\" height=\"150\" src=\"https:\/\/ihma.at\/wp-content\/uploads\/2018\/12\/Nepal-78-150x150.jpg\" class=\"attachment-thumbnail size-thumbnail\" alt=\"\" decoding=\"async\" loading=\"lazy\" \/><\/a>\n\t\t\t<\/div><\/figure><figure class='gallery-item'>\n\t\t\t<div class='gallery-icon portrait'>\n\t\t\t\t<a href='https:\/\/ihma.at\/wp-content\/uploads\/2018\/12\/ihma3.jpg'><img width=\"150\" height=\"150\" src=\"https:\/\/ihma.at\/wp-content\/uploads\/2018\/12\/ihma3-150x150.jpg\" class=\"attachment-thumbnail size-thumbnail\" alt=\"\" decoding=\"async\" loading=\"lazy\" \/><\/a>\n\t\t\t<\/div><\/figure><figure class='gallery-item'>\n\t\t\t<div class='gallery-icon portrait'>\n\t\t\t\t<a href='https:\/\/ihma.at\/wp-content\/uploads\/2019\/01\/Nigeria-M\u00e4dchen.jpg'><img width=\"150\" height=\"150\" src=\"https:\/\/ihma.at\/wp-content\/uploads\/2019\/01\/Nigeria-M\u00e4dchen-150x150.jpg\" class=\"attachment-thumbnail size-thumbnail\" alt=\"\" decoding=\"async\" loading=\"lazy\" \/><\/a>\n\t\t\t<\/div><\/figure><figure class='gallery-item'>\n\t\t\t<div class='gallery-icon landscape'>\n\t\t\t\t<a href='https:\/\/ihma.at\/wp-content\/uploads\/2018\/12\/Nepal-76.jpg'><img width=\"150\" height=\"150\" src=\"https:\/\/ihma.at\/wp-content\/uploads\/2018\/12\/Nepal-76-150x150.jpg\" class=\"attachment-thumbnail size-thumbnail\" alt=\"\" decoding=\"async\" loading=\"lazy\" \/><\/a>\n\t\t\t<\/div><\/figure><figure class='gallery-item'>\n\t\t\t<div class='gallery-icon portrait'>\n\t\t\t\t<a href='https:\/\/ihma.at\/wp-content\/uploads\/2018\/12\/nepal-caroline-ihma.jpg'><img width=\"150\" height=\"150\" src=\"https:\/\/ihma.at\/wp-content\/uploads\/2018\/12\/nepal-caroline-ihma-150x150.jpg\" class=\"attachment-thumbnail size-thumbnail\" alt=\"\" decoding=\"async\" loading=\"lazy\" \/><\/a>\n\t\t\t<\/div><\/figure><figure class='gallery-item'>\n\t\t\t<div class='gallery-icon landscape'>\n\t\t\t\t<a href='https:\/\/ihma.at\/wp-content\/uploads\/2018\/12\/ihma-4.jpg'><img width=\"150\" height=\"150\" src=\"https:\/\/ihma.at\/wp-content\/uploads\/2018\/12\/ihma-4-150x150.jpg\" class=\"attachment-thumbnail size-thumbnail\" alt=\"\" decoding=\"async\" loading=\"lazy\" \/><\/a>\n\t\t\t<\/div><\/figure><figure class='gallery-item'>\n\t\t\t<div class='gallery-icon portrait'>\n\t\t\t\t<a href='https:\/\/ihma.at\/wp-content\/uploads\/2018\/12\/nepal-m\u00f6nche-kinder-ihma.jpg'><img width=\"150\" height=\"150\" src=\"https:\/\/ihma.at\/wp-content\/uploads\/2018\/12\/nepal-m\u00f6nche-kinder-ihma-150x150.jpg\" class=\"attachment-thumbnail size-thumbnail\" alt=\"\" decoding=\"async\" loading=\"lazy\" srcset=\"https:\/\/ihma.at\/wp-content\/uploads\/2018\/12\/nepal-m\u00f6nche-kinder-ihma-150x150.jpg 150w, https:\/\/ihma.at\/wp-content\/uploads\/2018\/12\/nepal-m\u00f6nche-kinder-ihma-300x300.jpg 300w, https:\/\/ihma.at\/wp-content\/uploads\/2018\/12\/nepal-m\u00f6nche-kinder-ihma-768x768.jpg 768w, https:\/\/ihma.at\/wp-content\/uploads\/2018\/12\/nepal-m\u00f6nche-kinder-ihma-1024x1024.jpg 1024w, https:\/\/ihma.at\/wp-content\/uploads\/2018\/12\/nepal-m\u00f6nche-kinder-ihma.jpg 1959w\" sizes=\"(max-width: 150px) 100vw, 150px\" \/><\/a>\n\t\t\t<\/div><\/figure>\n\t\t<\/div>\n\n<p><strong>Weitere wichtige Umsetzungspunkte der IHMA sind zudem die:\u00a0<\/strong><\/p>\n<ul>\n<li>\u00a0Bereitstellung der Infrastruktur medizinischen Grundversorgung.<\/li>\n<li>Prophylaxe, Behandlung (auch durch Medikamente) von Krankheiten welche im jeweiligen Land unterversorgt sind. In den tropischen Gebieten mit Augenmerk auf die drei dort gef\u00e4hrlichsten Erkrankungen: Malaria, Tuberkulose und HIV\/AIDS.<\/li>\n<li>Ausbildung von lokalen Mitarbeitern unter Ber\u00fccksichtigung von \u00f6rtlichen Gepflogenheiten, sowohl im medizinischen Feld, wie auch der Verbesserung von Lebensumst\u00e4nden und Ern\u00e4hrung<\/li>\n<li>WASH Projekte (<b>Wa<\/b>ter, <b>S<\/b>anitation, <b>H<\/b>ygienic) = Wasser,Sanit\u00e4ranlagen,Hygiene. \u00a0\u00a0\u00a0So k\u00f6nnen Krankheiten, die bei schlechten hygienischen Verh\u00e4ltnissen \u00fcbertragen werden, vermindert werden. Verbesserung der sanit\u00e4ren Gegebenheiten, sowie sauberes Trinkwasser und K\u00f6rperpflege helfen zu einer besseren hygienischen Gesamtsituation bei und steigern die Lebensqualit\u00e4t.<\/li>\n<li><em>Eines unserer gr\u00f6\u00dften Anliegen ist zudem die Versorgung von S\u00e4uglingen, Kindern und Schwangeren. Dabei setzten wir den Fokus auf die psychische und medizinische Betreuung. Unterst\u00fctzende Kurse in S\u00e4uglingspflege, sowie die Behandlung von Kinderkrankheiten geh\u00f6ren auch zu diesem Bereich.<\/em><\/li>\n<\/ul>\n<p><strong>Falls Sie Interesse haben sich direkt bei IHMA zu beteiligen freuen wir uns nat\u00fcrlich bei uns begr\u00fcssen zu d\u00fcrfen.<\/strong><\/p>\n<p>Die Optionen f\u00fcr Sie sind:<\/p>\n<ul>\n<li>F\u00f6rdermitglied<\/li>\n<li>Aktives Mitglied<\/li>\n<li>Volont\u00e4r<\/li>\n<\/ul>\n<p>Es gibt auch Vieles was sie neben oder au\u00dfer einer Mitgliedschaft leisten k\u00f6nnen. Sie k\u00f6nnen z.B. im Verein \u00a0mithelfen und damit sozusagen \u201eArbeitszeit spenden&#8220;. Nat\u00fcrlich sind auch Spenden in Form von Geld oder Sachwerten sehr hilfreich.<\/p>\n<p>Falls Sie selbst eigene, humanit\u00e4re Aktionen betreiben, freuen wir uns immer dar\u00fcber, sinnvolle Kooperationen zu starten.<\/p>\n\n","protected":false},"excerpt":{"rendered":"<p>\u00dcber Uns IHMA &#8211; international Human and Medical Aid &#8211; internationale humanit\u00e4re und medizinische Hilfe &#8211;\u00a0 ist eine weltweit t\u00e4tige Hilfsorganisation, die im Juni 2017 in Salzburg, \u00d6sterreich gegr\u00fcndet wurde. [&hellip;]<\/p>\n","protected":false},"author":1,"featured_media":0,"parent":0,"menu_order":0,"comment_status":"closed","ping_status":"closed","template":"","meta":[],"yoast_head":"<!-- This site is optimized with the Yoast SEO plugin v21.1 - https:\/\/yoast.com\/wordpress\/plugins\/seo\/ -->\n<title>\u00dcber Ihma - IHMA<\/title>\n<meta name=\"robots\" content=\"index, follow, max-snippet:-1, max-image-preview:large, max-video-preview:-1\" \/>\n<link rel=\"canonical\" href=\"https:\/\/ihma.at\/de_de\/uber-ihma\/\" \/>\n<meta property=\"og:locale\" content=\"de_DE\" \/>\n<meta property=\"og:type\" content=\"article\" \/>\n<meta property=\"og:title\" content=\"\u00dcber Ihma - IHMA\" \/>\n<meta property=\"og:description\" content=\"\u00dcber Uns IHMA &#8211; international Human and Medical Aid &#8211; internationale humanit\u00e4re und medizinische Hilfe &#8211;\u00a0 ist eine weltweit t\u00e4tige Hilfsorganisation, die im Juni 2017 in Salzburg, \u00d6sterreich gegr\u00fcndet wurde. [&hellip;]\" \/>\n<meta property=\"og:url\" content=\"https:\/\/ihma.at\/de_de\/uber-ihma\/\" \/>\n<meta property=\"og:site_name\" content=\"IHMA\" \/>\n<meta property=\"article:modified_time\" content=\"2022-06-16T21:05:12+00:00\" \/>\n<meta property=\"og:image\" content=\"https:\/\/ihma.at\/wp-content\/uploads\/2019\/01\/Nigeria-M\u00e4dchen-150x150.jpg\" \/>\n<meta name=\"twitter:card\" content=\"summary_large_image\" \/>\n<meta name=\"twitter:label1\" content=\"Gesch\u00e4tzte Lesezeit\" \/>\n\t<meta name=\"twitter:data1\" content=\"3\u00a0Minuten\" \/>\n<script type=\"application\/ld+json\" class=\"yoast-schema-graph\">{\"@context\":\"https:\/\/schema.org\",\"@graph\":[{\"@type\":\"WebPage\",\"@id\":\"https:\/\/ihma.at\/de_de\/uber-ihma\/\",\"url\":\"https:\/\/ihma.at\/de_de\/uber-ihma\/\",\"name\":\"\u00dcber Ihma - IHMA\",\"isPartOf\":{\"@id\":\"https:\/\/ihma.at\/#website\"},\"datePublished\":\"2022-06-05T10:47:26+00:00\",\"dateModified\":\"2022-06-16T21:05:12+00:00\",\"breadcrumb\":{\"@id\":\"https:\/\/ihma.at\/de_de\/uber-ihma\/#breadcrumb\"},\"inLanguage\":\"de\",\"potentialAction\":[{\"@type\":\"ReadAction\",\"target\":[\"https:\/\/ihma.at\/de_de\/uber-ihma\/\"]}]},{\"@type\":\"BreadcrumbList\",\"@id\":\"https:\/\/ihma.at\/de_de\/uber-ihma\/#breadcrumb\",\"itemListElement\":[{\"@type\":\"ListItem\",\"position\":1,\"name\":\"Startseite\",\"item\":\"https:\/\/ihma.at\/de_de\/\"},{\"@type\":\"ListItem\",\"position\":2,\"name\":\"\u00dcber Ihma\"}]},{\"@type\":\"WebSite\",\"@id\":\"https:\/\/ihma.at\/#website\",\"url\":\"https:\/\/ihma.at\/\",\"name\":\"IHMA\",\"description\":\"INTERNATIONAL HUMAN \",\"publisher\":{\"@id\":\"https:\/\/ihma.at\/#organization\"},\"potentialAction\":[{\"@type\":\"SearchAction\",\"target\":{\"@type\":\"EntryPoint\",\"urlTemplate\":\"https:\/\/ihma.at\/?s={search_term_string}\"},\"query-input\":\"required name=search_term_string\"}],\"inLanguage\":\"de\"},{\"@type\":\"Organization\",\"@id\":\"https:\/\/ihma.at\/#organization\",\"name\":\"IHMA\",\"url\":\"https:\/\/ihma.at\/\",\"logo\":{\"@type\":\"ImageObject\",\"inLanguage\":\"de\",\"@id\":\"https:\/\/ihma.at\/#\/schema\/logo\/image\/\",\"url\":\"https:\/\/ihma.at\/wp-content\/uploads\/2022\/05\/cropped-cropped-IHMA-BETA-LOGO-e1653917382550.png\",\"contentUrl\":\"https:\/\/ihma.at\/wp-content\/uploads\/2022\/05\/cropped-cropped-IHMA-BETA-LOGO-e1653917382550.png\",\"width\":300,\"height\":74,\"caption\":\"IHMA\"},\"image\":{\"@id\":\"https:\/\/ihma.at\/#\/schema\/logo\/image\/\"}}]}<\/script>\n<!-- \/ Yoast SEO plugin. -->","yoast_head_json":{"title":"\u00dcber Ihma - IHMA","robots":{"index":"index","follow":"follow","max-snippet":"max-snippet:-1","max-image-preview":"max-image-preview:large","max-video-preview":"max-video-preview:-1"},"canonical":"https:\/\/ihma.at\/de_de\/uber-ihma\/","og_locale":"de_DE","og_type":"article","og_title":"\u00dcber Ihma - IHMA","og_description":"\u00dcber Uns IHMA &#8211; international Human and Medical Aid &#8211; internationale humanit\u00e4re und medizinische Hilfe &#8211;\u00a0 ist eine weltweit t\u00e4tige Hilfsorganisation, die im Juni 2017 in Salzburg, \u00d6sterreich gegr\u00fcndet wurde. [&hellip;]","og_url":"https:\/\/ihma.at\/de_de\/uber-ihma\/","og_site_name":"IHMA","article_modified_time":"2022-06-16T21:05:12+00:00","og_image":[{"url":"https:\/\/ihma.at\/wp-content\/uploads\/2019\/01\/Nigeria-M\u00e4dchen-150x150.jpg"}],"twitter_card":"summary_large_image","twitter_misc":{"Gesch\u00e4tzte Lesezeit":"3\u00a0Minuten"},"schema":{"@context":"https:\/\/schema.org","@graph":[{"@type":"WebPage","@id":"https:\/\/ihma.at\/de_de\/uber-ihma\/","url":"https:\/\/ihma.at\/de_de\/uber-ihma\/","name":"\u00dcber Ihma - IHMA","isPartOf":{"@id":"https:\/\/ihma.at\/#website"},"datePublished":"2022-06-05T10:47:26+00:00","dateModified":"2022-06-16T21:05:12+00:00","breadcrumb":{"@id":"https:\/\/ihma.at\/de_de\/uber-ihma\/#breadcrumb"},"inLanguage":"de","potentialAction":[{"@type":"ReadAction","target":["https:\/\/ihma.at\/de_de\/uber-ihma\/"]}]},{"@type":"BreadcrumbList","@id":"https:\/\/ihma.at\/de_de\/uber-ihma\/#breadcrumb","itemListElement":[{"@type":"ListItem","position":1,"name":"Startseite","item":"https:\/\/ihma.at\/de_de\/"},{"@type":"ListItem","position":2,"name":"\u00dcber Ihma"}]},{"@type":"WebSite","@id":"https:\/\/ihma.at\/#website","url":"https:\/\/ihma.at\/","name":"IHMA","description":"INTERNATIONAL HUMAN ","publisher":{"@id":"https:\/\/ihma.at\/#organization"},"potentialAction":[{"@type":"SearchAction","target":{"@type":"EntryPoint","urlTemplate":"https:\/\/ihma.at\/?s={search_term_string}"},"query-input":"required name=search_term_string"}],"inLanguage":"de"},{"@type":"Organization","@id":"https:\/\/ihma.at\/#organization","name":"IHMA","url":"https:\/\/ihma.at\/","logo":{"@type":"ImageObject","inLanguage":"de","@id":"https:\/\/ihma.at\/#\/schema\/logo\/image\/","url":"https:\/\/ihma.at\/wp-content\/uploads\/2022\/05\/cropped-cropped-IHMA-BETA-LOGO-e1653917382550.png","contentUrl":"https:\/\/ihma.at\/wp-content\/uploads\/2022\/05\/cropped-cropped-IHMA-BETA-LOGO-e1653917382550.png","width":300,"height":74,"caption":"IHMA"},"image":{"@id":"https:\/\/ihma.at\/#\/schema\/logo\/image\/"}}]}},"_links":{"self":[{"href":"https:\/\/ihma.at\/de_de\/wp-json\/wp\/v2\/pages\/712"}],"collection":[{"href":"https:\/\/ihma.at\/de_de\/wp-json\/wp\/v2\/pages"}],"about":[{"href":"https:\/\/ihma.at\/de_de\/wp-json\/wp\/v2\/types\/page"}],"author":[{"embeddable":true,"href":"https:\/\/ihma.at\/de_de\/wp-json\/wp\/v2\/users\/1"}],"replies":[{"embeddable":true,"href":"https:\/\/ihma.at\/de_de\/wp-json\/wp\/v2\/comments?post=712"}],"version-history":[{"count":5,"href":"https:\/\/ihma.at\/de_de\/wp-json\/wp\/v2\/pages\/712\/revisions"}],"predecessor-version":[{"id":809,"href":"https:\/\/ihma.at\/de_de\/wp-json\/wp\/v2\/pages\/712\/revisions\/809"}],"wp:attachment":[{"href":"https:\/\/ihma.at\/de_de\/wp-json\/wp\/v2\/media?parent=712"}],"curies":[{"name":"wp","href":"https:\/\/api.w.org\/{rel}","templated":true}]}}