{"id":121,"date":"2018-12-17T13:39:57","date_gmt":"2018-12-17T12:39:57","guid":{"rendered":"https:\/\/ihma.at\/?page_id=121"},"modified":"2022-08-08T19:08:51","modified_gmt":"2022-08-08T17:08:51","slug":"spenden","status":"publish","type":"page","link":"https:\/\/ihma.at\/en\/spenden\/","title":{"rendered":"DONATE"},"content":{"rendered":"<img decoding=\"async\" loading=\"lazy\" src=\"https:\/\/ihma.at\/wp-content\/uploads\/2022\/06\/Ihma-FB-Titelbild-ok.jpg\" alt=\"Ihma-FB-Titelbild-ok\" itemprop=\"image\" height=\"312\" width=\"820\" title=\"Ihma-FB-Titelbild-ok\" onerror=\"this.style.display='none'\"  \/>\n\t<p>UNTERST\u00dcTZEN SIE MIT IHRER SPENDE UNSERE ARBEIT!<\/p>\n\t<h4>With your donation you support<\/h4>\n<h4>our worldwide humanitarian and medical projects.<\/h4>\n<h5>Your donation will be 100% used for these projects. We are happy to send you a donation receipt. We sincerely thank you for your trust.<\/h5>\n\t<p><strong>Make a donation that\u00b4s right for you:<\/strong><\/p>\n<p><strong>IHMA<\/strong><\/p>\n<p><strong>IBAN: AT79 2040 4000 4204 2218<\/strong><\/p>\n<p><strong>BIC\/SWIFT: SBGSAAT2SXXX<\/strong><\/p>\n<p><strong>Purpose: Donation \/ Name<\/strong><\/p>\nSalzburger Sparkasse,<br \/>\nRainerstrasse 4,<br \/>\nAT &#8211; 5020 Salzburg\n\t<p><strong>THANK YOU!<\/strong><\/p>\n\t\t\t\t<img decoding=\"async\" src=\"https:\/\/ihma.at\/wp-content\/plugins\/beaver-builder-lite-version\/img\/pixel.png\" alt=\"\" itemprop=\"image\" onerror=\"this.style.display='none'\"  \/>\n\t\t\t\t<img decoding=\"async\" loading=\"lazy\" src=\"https:\/\/ihma.at\/wp-content\/uploads\/2022\/05\/IHMA-Logo-Neu.png\" alt=\"IHMA-Logo-Neu\" itemprop=\"image\" height=\"896\" width=\"2741\" title=\"IHMA-Logo-Neu\" onerror=\"this.style.display='none'\"  \/>\n\t\t\t\t<img decoding=\"async\" loading=\"lazy\" src=\"https:\/\/ihma.at\/wp-content\/uploads\/2018\/11\/ihma3-e1542114734910.jpg\" alt=\"IHMA Wash Project Boy\" itemprop=\"image\" height=\"2332\" width=\"1762\" title=\"Wash Projekt Nepal\" onerror=\"this.style.display='none'\"  \/>","protected":false},"excerpt":{"rendered":"<p>UNTERST\u00dcTZEN SIE MIT IHRER SPENDE UNSERE ARBEIT! Mit Ihrer Spende unterst\u00fctzen Sie unsere weltweiten humanit\u00e4ren und medizinischen Projekte. Ihre Spende wird zu 100 % f\u00fcr diese Projekte verwendet. Gern lassen [&hellip;]<\/p>\n","protected":false},"author":1,"featured_media":0,"parent":0,"menu_order":0,"comment_status":"closed","ping_status":"closed","template":"","meta":[],"yoast_head":"<!-- This site is optimized with the Yoast SEO plugin v21.1 - https:\/\/yoast.com\/wordpress\/plugins\/seo\/ -->\n<title>SPENDEN - IHMA<\/title>\n<meta name=\"robots\" content=\"index, follow, max-snippet:-1, max-image-preview:large, max-video-preview:-1\" \/>\n<link rel=\"canonical\" href=\"https:\/\/ihma.at\/en\/spenden\/\" \/>\n<meta property=\"og:locale\" content=\"en_GB\" \/>\n<meta property=\"og:type\" content=\"article\" \/>\n<meta property=\"og:title\" content=\"SPENDEN - IHMA\" \/>\n<meta property=\"og:description\" content=\"UNTERST\u00dcTZEN SIE MIT IHRER SPENDE UNSERE ARBEIT! Mit Ihrer Spende unterst\u00fctzen Sie unsere weltweiten humanit\u00e4ren und medizinischen Projekte. Ihre Spende wird zu 100 % f\u00fcr diese Projekte verwendet. Gern lassen [&hellip;]\" \/>\n<meta property=\"og:url\" content=\"https:\/\/ihma.at\/en\/spenden\/\" \/>\n<meta property=\"og:site_name\" content=\"IHMA\" \/>\n<meta property=\"article:modified_time\" content=\"2022-08-08T17:08:51+00:00\" \/>\n<meta property=\"og:image\" content=\"https:\/\/ihma.at\/wp-content\/uploads\/2022\/06\/Ihma-FB-Titelbild-ok.jpg\" \/>\n<meta name=\"twitter:card\" content=\"summary_large_image\" \/>\n<meta name=\"twitter:label1\" content=\"Estimated reading time\" \/>\n\t<meta name=\"twitter:data1\" content=\"2 minutes\" \/>\n<script type=\"application\/ld+json\" class=\"yoast-schema-graph\">{\"@context\":\"https:\/\/schema.org\",\"@graph\":[{\"@type\":\"WebPage\",\"@id\":\"https:\/\/ihma.at\/de_de\/spenden\/\",\"url\":\"https:\/\/ihma.at\/de_de\/spenden\/\",\"name\":\"SPENDEN - IHMA\",\"isPartOf\":{\"@id\":\"https:\/\/ihma.at\/#website\"},\"datePublished\":\"2018-12-17T12:39:57+00:00\",\"dateModified\":\"2022-08-08T17:08:51+00:00\",\"breadcrumb\":{\"@id\":\"https:\/\/ihma.at\/de_de\/spenden\/#breadcrumb\"},\"inLanguage\":\"en-GB\",\"potentialAction\":[{\"@type\":\"ReadAction\",\"target\":[\"https:\/\/ihma.at\/de_de\/spenden\/\"]}]},{\"@type\":\"BreadcrumbList\",\"@id\":\"https:\/\/ihma.at\/de_de\/spenden\/#breadcrumb\",\"itemListElement\":[{\"@type\":\"ListItem\",\"position\":1,\"name\":\"Startseite\",\"item\":\"https:\/\/ihma.at\/de_de\/\"},{\"@type\":\"ListItem\",\"position\":2,\"name\":\"SPENDEN\"}]},{\"@type\":\"WebSite\",\"@id\":\"https:\/\/ihma.at\/#website\",\"url\":\"https:\/\/ihma.at\/\",\"name\":\"IHMA\",\"description\":\"INTERNATIONAL HUMAN \",\"publisher\":{\"@id\":\"https:\/\/ihma.at\/#organization\"},\"potentialAction\":[{\"@type\":\"SearchAction\",\"target\":{\"@type\":\"EntryPoint\",\"urlTemplate\":\"https:\/\/ihma.at\/?s={search_term_string}\"},\"query-input\":\"required name=search_term_string\"}],\"inLanguage\":\"en-GB\"},{\"@type\":\"Organization\",\"@id\":\"https:\/\/ihma.at\/#organization\",\"name\":\"IHMA\",\"url\":\"https:\/\/ihma.at\/\",\"logo\":{\"@type\":\"ImageObject\",\"inLanguage\":\"en-GB\",\"@id\":\"https:\/\/ihma.at\/#\/schema\/logo\/image\/\",\"url\":\"https:\/\/ihma.at\/wp-content\/uploads\/2022\/05\/cropped-cropped-IHMA-BETA-LOGO-e1653917382550.png\",\"contentUrl\":\"https:\/\/ihma.at\/wp-content\/uploads\/2022\/05\/cropped-cropped-IHMA-BETA-LOGO-e1653917382550.png\",\"width\":300,\"height\":74,\"caption\":\"IHMA\"},\"image\":{\"@id\":\"https:\/\/ihma.at\/#\/schema\/logo\/image\/\"}}]}<\/script>\n<!-- \/ Yoast SEO plugin. -->","yoast_head_json":{"title":"SPENDEN - IHMA","robots":{"index":"index","follow":"follow","max-snippet":"max-snippet:-1","max-image-preview":"max-image-preview:large","max-video-preview":"max-video-preview:-1"},"canonical":"https:\/\/ihma.at\/en\/spenden\/","og_locale":"en_GB","og_type":"article","og_title":"SPENDEN - IHMA","og_description":"UNTERST\u00dcTZEN SIE MIT IHRER SPENDE UNSERE ARBEIT! Mit Ihrer Spende unterst\u00fctzen Sie unsere weltweiten humanit\u00e4ren und medizinischen Projekte. Ihre Spende wird zu 100 % f\u00fcr diese Projekte verwendet. Gern lassen [&hellip;]","og_url":"https:\/\/ihma.at\/en\/spenden\/","og_site_name":"IHMA","article_modified_time":"2022-08-08T17:08:51+00:00","og_image":[{"url":"https:\/\/ihma.at\/wp-content\/uploads\/2022\/06\/Ihma-FB-Titelbild-ok.jpg"}],"twitter_card":"summary_large_image","twitter_misc":{"Estimated reading time":"2 minutes"},"schema":{"@context":"https:\/\/schema.org","@graph":[{"@type":"WebPage","@id":"https:\/\/ihma.at\/de_de\/spenden\/","url":"https:\/\/ihma.at\/de_de\/spenden\/","name":"SPENDEN - IHMA","isPartOf":{"@id":"https:\/\/ihma.at\/#website"},"datePublished":"2018-12-17T12:39:57+00:00","dateModified":"2022-08-08T17:08:51+00:00","breadcrumb":{"@id":"https:\/\/ihma.at\/de_de\/spenden\/#breadcrumb"},"inLanguage":"en-GB","potentialAction":[{"@type":"ReadAction","target":["https:\/\/ihma.at\/de_de\/spenden\/"]}]},{"@type":"BreadcrumbList","@id":"https:\/\/ihma.at\/de_de\/spenden\/#breadcrumb","itemListElement":[{"@type":"ListItem","position":1,"name":"Startseite","item":"https:\/\/ihma.at\/de_de\/"},{"@type":"ListItem","position":2,"name":"SPENDEN"}]},{"@type":"WebSite","@id":"https:\/\/ihma.at\/#website","url":"https:\/\/ihma.at\/","name":"IHMA","description":"INTERNATIONAL HUMAN","publisher":{"@id":"https:\/\/ihma.at\/#organization"},"potentialAction":[{"@type":"SearchAction","target":{"@type":"EntryPoint","urlTemplate":"https:\/\/ihma.at\/?s={search_term_string}"},"query-input":"required name=search_term_string"}],"inLanguage":"en-GB"},{"@type":"Organization","@id":"https:\/\/ihma.at\/#organization","name":"IHMA","url":"https:\/\/ihma.at\/","logo":{"@type":"ImageObject","inLanguage":"en-GB","@id":"https:\/\/ihma.at\/#\/schema\/logo\/image\/","url":"https:\/\/ihma.at\/wp-content\/uploads\/2022\/05\/cropped-cropped-IHMA-BETA-LOGO-e1653917382550.png","contentUrl":"https:\/\/ihma.at\/wp-content\/uploads\/2022\/05\/cropped-cropped-IHMA-BETA-LOGO-e1653917382550.png","width":300,"height":74,"caption":"IHMA"},"image":{"@id":"https:\/\/ihma.at\/#\/schema\/logo\/image\/"}}]}},"_links":{"self":[{"href":"https:\/\/ihma.at\/en\/wp-json\/wp\/v2\/pages\/121"}],"collection":[{"href":"https:\/\/ihma.at\/en\/wp-json\/wp\/v2\/pages"}],"about":[{"href":"https:\/\/ihma.at\/en\/wp-json\/wp\/v2\/types\/page"}],"author":[{"embeddable":true,"href":"https:\/\/ihma.at\/en\/wp-json\/wp\/v2\/users\/1"}],"replies":[{"embeddable":true,"href":"https:\/\/ihma.at\/en\/wp-json\/wp\/v2\/comments?post=121"}],"version-history":[{"count":8,"href":"https:\/\/ihma.at\/en\/wp-json\/wp\/v2\/pages\/121\/revisions"}],"predecessor-version":[{"id":963,"href":"https:\/\/ihma.at\/en\/wp-json\/wp\/v2\/pages\/121\/revisions\/963"}],"wp:attachment":[{"href":"https:\/\/ihma.at\/en\/wp-json\/wp\/v2\/media?parent=121"}],"curies":[{"name":"wp","href":"https:\/\/api.w.org\/{rel}","templated":true}]}}