{"id":26,"date":"2018-12-17T14:52:19","date_gmt":"2018-12-17T13:52:19","guid":{"rendered":"https:\/\/ihma.at\/?page_id=26"},"modified":"2022-06-16T23:12:05","modified_gmt":"2022-06-16T21:12:05","slug":"datenschutz","status":"publish","type":"page","link":"https:\/\/ihma.at\/en\/datenschutz\/","title":{"rendered":"Privacy Policy"},"content":{"rendered":"<h1>PRIVATE POLICY<\/h1>\n<article id=\"post-6\">\n<p>Privacy Policy<\/p>\n<p>Personenbezogene Daten (nachfolgend zumeist nur \u201eDaten&#8220; genannt) werden von uns nur im Rahmen der Erforderlichkeit sowie zum Zwecke der Bereitstellung eines funktionsf\u00e4higen und nutzerfreundlichen Internetauftritts, inklusive seiner Inhalte und der dort angebotenen Leistungen, verarbeitet.<\/p>\n<p>Gem\u00e4\u00df Art. 4 Ziffer 1. der Verordnung (EU) 2016\/679, also der Datenschutz-Grundverordnung (nachfolgend nur \u201eDSGVO&#8220; genannt), gilt als \u201eVerarbeitung&#8220; jeder mit oder ohne Hilfe automatisierter Verfahren ausgef\u00fchrter Vorgang oder jede solche Vorgangsreihe im Zusammenhang mit personenbezogenen Daten, wie das Erheben, das Erfassen, die Organisation, das Ordnen, die Speicherung, die Anpassung oder Ver\u00e4nderung, das Auslesen, das Abfragen, die Verwendung, die Offenlegung durch \u00dcbermittlung, Verbreitung oder eine andere Form der Bereitstellung, den Abgleich oder die Verkn\u00fcpfung, die Einschr\u00e4nkung, das L\u00f6schen oder die Vernichtung.<\/p>\n<p>The following privacy policy is intended to inform you in particular about the type, scope, purpose, duration, and legal basis for the processing of such data either under our own control or in conjunction with others. We also inform you below about the third-party components we use to optimize our website and improve the user experience which may result in said third parties also processing data they collect and control.<\/p>\n<p>Our privacy policy is structured as follows:<\/p>\n<ol>\n<li>Information about us as controllers of your data<br \/>\nThe rights of users and data subjects<br \/>\nInformation about the data processing<\/li>\n<li>Information about us as controllers of your data<\/li>\n<\/ol>\n<p>The party responsible for this website (the \"controller\") for purposes of data protection law is:<\/p>\nIHMA &#8211; International Human and Medical Aid<br \/>\nBorrm\u00e4umstrasse 26\/7<br \/>\n5020 Salzburg<br \/>\nAustria\n<p>Phone: +43 680 50 30 846<\/p>\n<p>email: <a href=\"mailto:human-medical-aid@gmx.at\">human-medical-aid@gmx.at<\/a><\/p>\n<ol>\n<li>The rights of users and data subjects<\/li>\n<\/ol>\n<p>With regard to the data processing to be described in more detail below, users and data subjects have the right<\/p>\n<ul>\n<li>to confirmation of whether data concerning them is being processed, information about the data being processed, further information about the nature of the data processing, and copies of the data (cf. also Art. 15 GDPR);<\/li>\n<li>to correct or complete incorrect or incomplete data (cf. also Art. 16 GDPR);<\/li>\n<li>to the immediate deletion of data concerning them (cf. also Art. 17 DSGVO), or, alternatively, if further processing is necessary as stipulated in Art. 17 Para. 3 GDPR, to restrict said processing per Art. 18 GDPR;<\/li>\n<li>to receive copies of the data concerning them and\/or provided by them and to have the same transmitted to other providers\/controllers (cf. also Art. 20 GDPR);<\/li>\n<li>to file complaints with the supervisory authority if they believe that data concerning them is being processed by the controller in breach of data protection provisions (see also Art. 77 GDPR).<\/li>\n<\/ul>\n<p>In addition, the controller is obliged to inform all recipients to whom it discloses data of any such corrections, deletions, or restrictions placed on processing the same per Art. 16, 17 Para. 1, 18 GDPR. However, this obligation does not apply if such notification is impossible or involves a disproportionate effort. Nevertheless, users have a right to information about these recipients.<\/p>\n<p><b>Likewise, under Art. 21 GDPR, users and data subjects have the right to object to the controller's future processing of their data pursuant to Art. 6 Para. 1 lit. f) GDPR. In particular, an objection to data processing for the purpose of direct advertising is permissible.<\/b><\/p>\n<p>Information about the data processing<\/p>\n<p>Your data processed when using our website will be deleted or blocked as soon as the purpose for its storage ceases to apply, provided the deletion of the same is not in breach of any statutory storage obligations or unless otherwise stipulated below.<\/p>\n<p>Server data<\/p>\n<p>For technical reasons, the following data sent by your internet browser to us or to our server provider will be collected, especially to ensure a secure and stable website: These server log files record the type and version of your browser, operating system, the website from which you came (referrer URL), the webpages on our site visited, the date and time of your visit, as well as the IP address from which you visited our site.<\/p>\n<p>The data thus collected will be temporarily stored, but not in association with any other of your data.<\/p>\n<p>The basis for this storage is Art. 6 Para. 1 lit. f) GDPR. Our legitimate interest lies in the improvement, stability, functionality, and security of our website.<\/p>\n<p>The data will be deleted within no more than seven days, unless continued storage is required for evidentiary purposes. In which case, all or part of the data will be excluded from deletion until the investigation of the relevant incident is finally resolved.<\/p>\n<p>cookies<\/p>\n<ol>\n<li>Session cookies<\/li>\n<\/ol>\n<p>We use cookies on our website. Cookies are small text files or other storage technologies stored on your computer by your browser. These cookies process certain specific information about you, such as your browser, location data, or IP address.<\/p>\n<p>This processing makes our website more user-friendly, efficient, and secure, allowing us, for example, to display our website in different languages or to offer a shopping cart function.<\/p>\n<p>The legal basis for such processing is Art. 6 Para. 1 lit. b) GDPR, insofar as these cookies are used to collect data to initiate or process contractual relationships.<\/p>\n<p>If the processing does not serve to initiate or process a contract, our legitimate interest lies in improving the functionality of our website. The legal basis is then Art. 6 Para. 1 lit. f) GDPR.<\/p>\n<p>When you close your browser, these session cookies are deleted.<\/p>\n<ol>\n<li>Third-party cookies<\/li>\n<\/ol>\n<p>If necessary, our website may also use cookies from companies with whom we cooperate for the purpose of advertising, analyzing, or improving the features of our website.<\/p>\n<p>Please refer to the following information for details, in particular for the legal basis and purpose of such third-party collection and processing of data collected through cookies.<\/p>\n<ol>\n<li>Disabling cookies<\/li>\n<\/ol>\n<p>You can refuse the use of cookies by changing the settings on your browser. Likewise, you can use the browser to delete cookies that have already been stored. However, the steps and measures required vary, depending on the browser you use. If you have any questions, please use the help function or consult the documentation for your browser or contact its maker for support. Browser settings cannot prevent so-called flash cookies from being set. Instead, you will need to change the setting of your Flash player. The steps and measures required for this also depend on the Flash player you are using. If you have any questions, please use the help function or consult the documentation for your Flash player or contact its maker for support.<\/p>\n<p>If you prevent or restrict the installation of cookies, not all of the functions on our site may be fully usable.<\/p>\n<p>Newsletter<\/p>\n<p>Falls Sie sich f\u00fcr unseren kostenlosen Newsletter anmelden, werden die von Ihnen hierzu abgefragten Daten, also Ihre E-Mail-Adresse sowie &#8211; optional &#8211; Ihr Name und Ihre Anschrift, an uns \u00fcbermittelt. Gleichzeitig speichern wir die IP-Adresse des Internetanschlusses von dem aus Sie auf unseren Internetauftritt zugreifen sowie Datum und Uhrzeit Ihrer Anmeldung. Im Rahmen des weiteren Anmeldevorgangs werden wir Ihre Einwilligung in die \u00dcbersendung des Newsletters einholen, den Inhalt konkret beschreiben und auf diese Datenschutzerkl\u00e4rung verwiesen. Die dabei erhobenen Daten verwenden wir ausschlie\u00dflich f\u00fcr den Newsletter-Versand &#8211; sie werden deshalb insbesondere auch nicht an Dritte weitergegeben.<\/p>\n<p>The legal basis for this is Art. 6 Para. 1 lit. a) GDPR.<\/p>\n<p>You may revoke your prior consent to receive this newsletter under Art. 7 Para. 3 GDPR with future effect. All you have to do is inform us that you are revoking your consent or click on the unsubscribe link contained in each newsletter.<\/p>\n<p>google - maps<\/p>\n<p>In unserem Internetauftritt setzen wir Google Maps zur Darstellung unseres Standorts sowie zur Erstellung einer Anfahrtsbeschreibung ein. Es handelt sich hierbei um einen Dienst der Google LLC, Gordon House, Barrow Street, Dublin 4, Irland, nachfolgend nur \u201eGoogle&#8220; genannt.<\/p>\n<p>Durch die Zertifizierung nach dem EU-US-Datenschutzschild (\u201eEU-US Privacy Shield&#8220;)<\/p>\n<p><a href=\"https:\/\/www.privacyshield.gov\/participant?id=a2zt000000001L5AAI&amp;status=Active\">https:\/\/www.privacyshield.gov\/participant?id=a2zt000000001L5AAI&amp;status=Active<\/a><\/p>\n<p>Google guarantees that it will follow the EU's data protection regulations when processing data in the United States.<\/p>\n<p>To enable the display of certain fonts on our website, a connection to the Google server in the USA is established whenever our website is accessed.<\/p>\n<p>If you access the Google Maps components integrated into our website, Google will store a cookie on your device via your browser. Your user settings and data are processed to display our location and create a route description. We cannot prevent Google from using servers in the USA.<\/p>\n<p>The legal basis is Art. 6 Para. 1 lit. f) GDPR. Our legitimate interest lies in optimizing the functionality of our website.<\/p>\n<p>By connecting to Google in this way, Google can determine from which website your request has been sent and to which IP address the directions are transmitted.<\/p>\n<p>Sofern Sie mit dieser Verarbeitung nicht einverstanden sind, haben Sie die M\u00f6glichkeit, die Installation der Cookies durch die entsprechenden Einstellungen in Ihrem Internet-Browser zu verhindern. Einzelheiten hierzu finden Sie vorstehend unter dem Punkt \u201eCookies&#8220;.<\/p>\n<p>In addition, the use of Google Maps and the information obtained via Google Maps is governed by\u00a0<a href=\"http:\/\/www.google.de\/accounts\/TOS\">the Google Terms of Use<\/a>\u00a0<a href=\"https:\/\/policies.google.com\/terms?gl=DE&amp;hl=de\">https:\/\/policies.google.com\/terms?gl=DE&amp;hl=de<\/a>\u00a0and the\u00a0<a href=\"http:\/\/www.google.com\/intl\/de_de\/help\/terms_maps.html\">Terms and Conditions for Google Maps<\/a>\u00a0https:\/\/www.google.com\/intl\/de_de\/help\/terms_maps.html.<\/p>\n<p>Google also offers further information at<\/p>\n<p><a href=\"https:\/\/adssettings.google.com\/authenticated\">https:\/\/adssettings.google.com\/authenticated<\/a><\/p>\n<p><a href=\"https:\/\/policies.google.com\/privacy\">https:\/\/policies.google.com\/privacy<\/a><\/p>\n<p>.<\/p>\n<p><b>\"<\/b>Facebook&#8220;-Social-Plug-in<\/p>\n<p>In unserem Internetauftritt setzen wir das Plug-in des Social-Networks Facebook ein. Bei Facebook handelt es sich um einen Internetservice der facebook Inc., 1601 S. California Ave, Palo Alto, CA 94304, USA. In der EU wird dieser Service wiederum von der Facebook Ireland Limited, 4 Grand Canal Square, Dublin 2, Irland, betrieben, nachfolgend beide nur \u201eFacebook&#8220; genannt.<\/p>\n<p>Durch die Zertifizierung nach dem EU-US-Datenschutzschild (\u201eEU-US Privacy Shield&#8220;)<\/p>\n<p><a href=\"https:\/\/www.privacyshield.gov\/participant?id=a2zt0000000GnywAAC&amp;status=Active\">https:\/\/www.privacyshield.gov\/participant?id=a2zt0000000GnywAAC&amp;status=Active<\/a><\/p>\n<p>Facebook guarantees that it will follow the EU's data protection regulations when processing data in the United States.<\/p>\n<p>The legal basis is Art. 6 Para. 1 lit. f) GDPR. Our legitimate interest lies in improving the quality of our website.<\/p>\n<p>Further information about the possible plug-ins and their respective functions is available from Facebook at<\/p>\n<p><a href=\"https:\/\/developers.facebook.com\/docs\/plugins\/\">https:\/\/developers.facebook.com\/docs\/plugins\/<\/a><\/p>\n<p>.<\/p>\n<p>If the plug-in is stored on one of the pages you visit on our website, your browser will download an icon for the plug-in from Facebook's servers in the USA. For technical reasons, it is necessary for Facebook to process your IP address. In addition, the date and time of your visit to our website will also be recorded.<\/p>\n<p>Sollten Sie bei Facebook eingeloggt sein, w\u00e4hrend Sie eine unserer mit dem Plug-in versehenen Internetseite besuchen, werden die durch das Plug-in gesammelten Informationen Ihres konkreten Besuchs von Facebook erkannt. Die so gesammelten Informationen weist Facebook wom\u00f6glich Ihrem dortigen pers\u00f6nlichen Nutzerkonto zu. Sofern Sie also bspw. den sog. \u201eGef\u00e4llt mir&#8220;-Button von Facebook benutzen, werden diese Informationen in Ihrem Facebook-Nutzerkonto gespeichert und ggf. \u00fcber die Plattform von Facebook ver\u00f6ffentlicht. Wenn Sie das verhindern m\u00f6chten, m\u00fcssen Sie sich entweder vor dem Besuch unseres Internetauftritts bei Facebook ausloggen oder durch den Einsatz eines Add-ons f\u00fcr Ihren Internetbrowser verhindern, dass das Laden des Facebook-Plug-in blockiert wird.<\/p>\n<p>Further information about the collection and use of data as well as your rights and protection options in Facebook's privacy policy found at<\/p>\n<p><a href=\"http:\/\/www.facebook.com\/policy.php\">http:\/\/www.facebook.com\/policy.php<\/a><\/p>\n<p>.<\/p>\n<p><a href=\"https:\/\/www.ratgeberrecht.eu\/leistungen\/muster-datenschutzerklaerung.html\">Model Data Protection Statement<\/a>\u00a0for\u00a0<a href=\"https:\/\/www.ratgeberrecht.eu\/\">Anwaltskanzlei Wei\u00df &amp; Partner<\/a><\/p>\n<\/article>","protected":false},"excerpt":{"rendered":"<p>DATENSCHUTZERKL\u00c4RUNG Datenschutzerkl\u00e4rung Personenbezogene Daten (nachfolgend zumeist nur \u201eDaten&#8220; genannt) werden von uns nur im Rahmen der Erforderlichkeit sowie zum Zwecke der Bereitstellung eines funktionsf\u00e4higen und nutzerfreundlichen Internetauftritts, inklusive seiner Inhalte [&hellip;]<\/p>\n","protected":false},"author":1,"featured_media":0,"parent":0,"menu_order":0,"comment_status":"closed","ping_status":"closed","template":"","meta":[],"yoast_head":"<!-- This site is optimized with the Yoast SEO plugin v21.1 - https:\/\/yoast.com\/wordpress\/plugins\/seo\/ -->\n<title>Datenschutz - IHMA<\/title>\n<meta name=\"robots\" content=\"index, follow, max-snippet:-1, max-image-preview:large, max-video-preview:-1\" \/>\n<link rel=\"canonical\" href=\"https:\/\/ihma.at\/en\/datenschutz\/\" \/>\n<meta property=\"og:locale\" content=\"en_GB\" \/>\n<meta property=\"og:type\" content=\"article\" \/>\n<meta property=\"og:title\" content=\"Datenschutz - IHMA\" \/>\n<meta property=\"og:description\" content=\"DATENSCHUTZERKL\u00c4RUNG Datenschutzerkl\u00e4rung Personenbezogene Daten (nachfolgend zumeist nur \u201eDaten&#8220; genannt) werden von uns nur im Rahmen der Erforderlichkeit sowie zum Zwecke der Bereitstellung eines funktionsf\u00e4higen und nutzerfreundlichen Internetauftritts, inklusive seiner Inhalte [&hellip;]\" \/>\n<meta property=\"og:url\" content=\"https:\/\/ihma.at\/en\/datenschutz\/\" \/>\n<meta property=\"og:site_name\" content=\"IHMA\" \/>\n<meta property=\"article:modified_time\" content=\"2022-06-16T21:12:05+00:00\" \/>\n<meta name=\"twitter:card\" content=\"summary_large_image\" \/>\n<meta name=\"twitter:label1\" content=\"Estimated reading time\" \/>\n\t<meta name=\"twitter:data1\" content=\"9 minutes\" \/>\n<script type=\"application\/ld+json\" class=\"yoast-schema-graph\">{\"@context\":\"https:\/\/schema.org\",\"@graph\":[{\"@type\":\"WebPage\",\"@id\":\"https:\/\/ihma.at\/de_de\/datenschutz\/\",\"url\":\"https:\/\/ihma.at\/de_de\/datenschutz\/\",\"name\":\"Datenschutz - IHMA\",\"isPartOf\":{\"@id\":\"https:\/\/ihma.at\/#website\"},\"datePublished\":\"2018-12-17T13:52:19+00:00\",\"dateModified\":\"2022-06-16T21:12:05+00:00\",\"breadcrumb\":{\"@id\":\"https:\/\/ihma.at\/de_de\/datenschutz\/#breadcrumb\"},\"inLanguage\":\"en-GB\",\"potentialAction\":[{\"@type\":\"ReadAction\",\"target\":[\"https:\/\/ihma.at\/de_de\/datenschutz\/\"]}]},{\"@type\":\"BreadcrumbList\",\"@id\":\"https:\/\/ihma.at\/de_de\/datenschutz\/#breadcrumb\",\"itemListElement\":[{\"@type\":\"ListItem\",\"position\":1,\"name\":\"Startseite\",\"item\":\"https:\/\/ihma.at\/de_de\/\"},{\"@type\":\"ListItem\",\"position\":2,\"name\":\"Datenschutz\"}]},{\"@type\":\"WebSite\",\"@id\":\"https:\/\/ihma.at\/#website\",\"url\":\"https:\/\/ihma.at\/\",\"name\":\"IHMA\",\"description\":\"INTERNATIONAL HUMAN \",\"publisher\":{\"@id\":\"https:\/\/ihma.at\/#organization\"},\"potentialAction\":[{\"@type\":\"SearchAction\",\"target\":{\"@type\":\"EntryPoint\",\"urlTemplate\":\"https:\/\/ihma.at\/?s={search_term_string}\"},\"query-input\":\"required name=search_term_string\"}],\"inLanguage\":\"en-GB\"},{\"@type\":\"Organization\",\"@id\":\"https:\/\/ihma.at\/#organization\",\"name\":\"IHMA\",\"url\":\"https:\/\/ihma.at\/\",\"logo\":{\"@type\":\"ImageObject\",\"inLanguage\":\"en-GB\",\"@id\":\"https:\/\/ihma.at\/#\/schema\/logo\/image\/\",\"url\":\"https:\/\/ihma.at\/wp-content\/uploads\/2022\/05\/cropped-cropped-IHMA-BETA-LOGO-e1653917382550.png\",\"contentUrl\":\"https:\/\/ihma.at\/wp-content\/uploads\/2022\/05\/cropped-cropped-IHMA-BETA-LOGO-e1653917382550.png\",\"width\":300,\"height\":74,\"caption\":\"IHMA\"},\"image\":{\"@id\":\"https:\/\/ihma.at\/#\/schema\/logo\/image\/\"}}]}<\/script>\n<!-- \/ Yoast SEO plugin. -->","yoast_head_json":{"title":"Datenschutz - IHMA","robots":{"index":"index","follow":"follow","max-snippet":"max-snippet:-1","max-image-preview":"max-image-preview:large","max-video-preview":"max-video-preview:-1"},"canonical":"https:\/\/ihma.at\/en\/datenschutz\/","og_locale":"en_GB","og_type":"article","og_title":"Datenschutz - IHMA","og_description":"DATENSCHUTZERKL\u00c4RUNG Datenschutzerkl\u00e4rung Personenbezogene Daten (nachfolgend zumeist nur \u201eDaten&#8220; genannt) werden von uns nur im Rahmen der Erforderlichkeit sowie zum Zwecke der Bereitstellung eines funktionsf\u00e4higen und nutzerfreundlichen Internetauftritts, inklusive seiner Inhalte [&hellip;]","og_url":"https:\/\/ihma.at\/en\/datenschutz\/","og_site_name":"IHMA","article_modified_time":"2022-06-16T21:12:05+00:00","twitter_card":"summary_large_image","twitter_misc":{"Estimated reading time":"9 minutes"},"schema":{"@context":"https:\/\/schema.org","@graph":[{"@type":"WebPage","@id":"https:\/\/ihma.at\/de_de\/datenschutz\/","url":"https:\/\/ihma.at\/de_de\/datenschutz\/","name":"Datenschutz - IHMA","isPartOf":{"@id":"https:\/\/ihma.at\/#website"},"datePublished":"2018-12-17T13:52:19+00:00","dateModified":"2022-06-16T21:12:05+00:00","breadcrumb":{"@id":"https:\/\/ihma.at\/de_de\/datenschutz\/#breadcrumb"},"inLanguage":"en-GB","potentialAction":[{"@type":"ReadAction","target":["https:\/\/ihma.at\/de_de\/datenschutz\/"]}]},{"@type":"BreadcrumbList","@id":"https:\/\/ihma.at\/de_de\/datenschutz\/#breadcrumb","itemListElement":[{"@type":"ListItem","position":1,"name":"Startseite","item":"https:\/\/ihma.at\/de_de\/"},{"@type":"ListItem","position":2,"name":"Datenschutz"}]},{"@type":"WebSite","@id":"https:\/\/ihma.at\/#website","url":"https:\/\/ihma.at\/","name":"IHMA","description":"INTERNATIONAL HUMAN","publisher":{"@id":"https:\/\/ihma.at\/#organization"},"potentialAction":[{"@type":"SearchAction","target":{"@type":"EntryPoint","urlTemplate":"https:\/\/ihma.at\/?s={search_term_string}"},"query-input":"required name=search_term_string"}],"inLanguage":"en-GB"},{"@type":"Organization","@id":"https:\/\/ihma.at\/#organization","name":"IHMA","url":"https:\/\/ihma.at\/","logo":{"@type":"ImageObject","inLanguage":"en-GB","@id":"https:\/\/ihma.at\/#\/schema\/logo\/image\/","url":"https:\/\/ihma.at\/wp-content\/uploads\/2022\/05\/cropped-cropped-IHMA-BETA-LOGO-e1653917382550.png","contentUrl":"https:\/\/ihma.at\/wp-content\/uploads\/2022\/05\/cropped-cropped-IHMA-BETA-LOGO-e1653917382550.png","width":300,"height":74,"caption":"IHMA"},"image":{"@id":"https:\/\/ihma.at\/#\/schema\/logo\/image\/"}}]}},"_links":{"self":[{"href":"https:\/\/ihma.at\/en\/wp-json\/wp\/v2\/pages\/26"}],"collection":[{"href":"https:\/\/ihma.at\/en\/wp-json\/wp\/v2\/pages"}],"about":[{"href":"https:\/\/ihma.at\/en\/wp-json\/wp\/v2\/types\/page"}],"author":[{"embeddable":true,"href":"https:\/\/ihma.at\/en\/wp-json\/wp\/v2\/users\/1"}],"replies":[{"embeddable":true,"href":"https:\/\/ihma.at\/en\/wp-json\/wp\/v2\/comments?post=26"}],"version-history":[{"count":1,"href":"https:\/\/ihma.at\/en\/wp-json\/wp\/v2\/pages\/26\/revisions"}],"predecessor-version":[{"id":811,"href":"https:\/\/ihma.at\/en\/wp-json\/wp\/v2\/pages\/26\/revisions\/811"}],"wp:attachment":[{"href":"https:\/\/ihma.at\/en\/wp-json\/wp\/v2\/media?parent=26"}],"curies":[{"name":"wp","href":"https:\/\/api.w.org\/{rel}","templated":true}]}}