{"id":438,"date":"2019-05-15T13:15:44","date_gmt":"2019-05-15T11:15:44","guid":{"rendered":"https:\/\/ihma.at\/?page_id=438"},"modified":"2022-06-15T15:09:20","modified_gmt":"2022-06-15T13:09:20","slug":"projekte","status":"publish","type":"page","link":"https:\/\/ihma.at\/en\/projekte\/","title":{"rendered":"PROJECTS"},"content":{"rendered":"<h1>OUR PROJECTS WORLDWIDE<br \/>\n<\/h1>\n\t<p>WASH PROJECTS<\/p>\n\t\t\t\t<img decoding=\"async\" loading=\"lazy\" src=\"https:\/\/ihma.at\/wp-content\/uploads\/2018\/12\/ihma-4.jpg\" alt=\"wash projekte ihma nepal\" itemprop=\"image\" height=\"539\" width=\"960\" title=\"wash projects ihma nepal\" onerror=\"this.style.display='none'\"  \/>\n\t<p>In Nepal we are active on site with our WASH\nPROJECTS. To prevent disease, we teach\nchildren how to properly care for the body and equip them with all the necessary hygiene utensils.<\/p>\n\tMOUNTAIN RESCUE<br \/>\n\n\t\t\t\t<img decoding=\"async\" loading=\"lazy\" src=\"https:\/\/ihma.at\/wp-content\/uploads\/2019\/05\/DSC_0170.jpg\" alt=\"Bergrettung IHMA Nepal\" itemprop=\"image\" height=\"4000\" width=\"6000\" title=\"Mountain rescue IHMA  Nepal\" onerror=\"this.style.display='none'\"  \/>\n\t<p>\u00a0In Nepal, we train young Sherpas, schoolchildren and the population in important first aid measures for emergency situations. In addition, we provide professional guidance for competent mountain rescue.<\/p>\n\tFIRST AID NEPAL<br \/>\n\n\t\t\t\t<img decoding=\"async\" loading=\"lazy\" src=\"https:\/\/ihma.at\/wp-content\/uploads\/2019\/05\/DSCN1988.jpg\" alt=\"IHMA Projekte Caroline Weishaupt\" itemprop=\"image\" height=\"2592\" width=\"3593\" title=\"IHMA Projekte Caroline Weishaupt\" onerror=\"this.style.display='none'\"  \/>\n\t<p>In Nepal versorgen wir Kinder und Menschen in \u00e4rmlichen Verh\u00e4ltnissen &#8211; oder Notsituationen &#8211; mit Kleidung, Erstversorgung, Bildung und allem was sie f\u00fcr ihren Schutz und ein w\u00fcrdevolles Leben ben\u00f6tigen.<\/p>\n\t<p>CHILDREN\u00b4s HOMES<\/p>\n\t\t\t\t<img decoding=\"async\" loading=\"lazy\" src=\"https:\/\/ihma.at\/wp-content\/uploads\/2019\/01\/Nigeria-Kinder.jpg\" alt=\"Nigeria Kinder\" itemprop=\"image\" height=\"1080\" width=\"813\" title=\"Nigeria Kinder\" onerror=\"this.style.display='none'\"  \/>\n\t<p>In Nigeria we support orphans with clothing,\nhygienic education, medicine and nutrition. In order to give them a better future, we also invest in their education.<\/p>","protected":false},"excerpt":{"rendered":"<p>UNSERE PROJEKTE WELTWEIT WASH PROJEKTE In Nepal sind wir vor Ort mit unseren WASH PROJECTS aktiv. Zur Krankheitsprophylaxe lehren wir Kindern den richtigen Umgang zur K\u00f6rperpflege und statten sie mit [&hellip;]<\/p>\n","protected":false},"author":1,"featured_media":0,"parent":0,"menu_order":0,"comment_status":"closed","ping_status":"closed","template":"","meta":[],"yoast_head":"<!-- This site is optimized with the Yoast SEO plugin v21.1 - https:\/\/yoast.com\/wordpress\/plugins\/seo\/ -->\n<title>PROJEKTE - IHMA<\/title>\n<meta name=\"robots\" content=\"index, follow, max-snippet:-1, max-image-preview:large, max-video-preview:-1\" \/>\n<link rel=\"canonical\" href=\"https:\/\/ihma.at\/en\/projekte\/\" \/>\n<meta property=\"og:locale\" content=\"en_GB\" \/>\n<meta property=\"og:type\" content=\"article\" \/>\n<meta property=\"og:title\" content=\"PROJEKTE - IHMA\" \/>\n<meta property=\"og:description\" content=\"UNSERE PROJEKTE WELTWEIT WASH PROJEKTE In Nepal sind wir vor Ort mit unseren WASH PROJECTS aktiv. Zur Krankheitsprophylaxe lehren wir Kindern den richtigen Umgang zur K\u00f6rperpflege und statten sie mit [&hellip;]\" \/>\n<meta property=\"og:url\" content=\"https:\/\/ihma.at\/en\/projekte\/\" \/>\n<meta property=\"og:site_name\" content=\"IHMA\" \/>\n<meta property=\"article:modified_time\" content=\"2022-06-15T13:09:20+00:00\" \/>\n<meta property=\"og:image\" content=\"https:\/\/ihma.at\/wp-content\/uploads\/2018\/12\/ihma-4.jpg\" \/>\n<meta name=\"twitter:card\" content=\"summary_large_image\" \/>\n<meta name=\"twitter:label1\" content=\"Estimated reading time\" \/>\n\t<meta name=\"twitter:data1\" content=\"2 minutes\" \/>\n<script type=\"application\/ld+json\" class=\"yoast-schema-graph\">{\"@context\":\"https:\/\/schema.org\",\"@graph\":[{\"@type\":\"WebPage\",\"@id\":\"https:\/\/ihma.at\/de_de\/projekte\/\",\"url\":\"https:\/\/ihma.at\/de_de\/projekte\/\",\"name\":\"PROJEKTE - IHMA\",\"isPartOf\":{\"@id\":\"https:\/\/ihma.at\/#website\"},\"datePublished\":\"2019-05-15T11:15:44+00:00\",\"dateModified\":\"2022-06-15T13:09:20+00:00\",\"breadcrumb\":{\"@id\":\"https:\/\/ihma.at\/de_de\/projekte\/#breadcrumb\"},\"inLanguage\":\"en-GB\",\"potentialAction\":[{\"@type\":\"ReadAction\",\"target\":[\"https:\/\/ihma.at\/de_de\/projekte\/\"]}]},{\"@type\":\"BreadcrumbList\",\"@id\":\"https:\/\/ihma.at\/de_de\/projekte\/#breadcrumb\",\"itemListElement\":[{\"@type\":\"ListItem\",\"position\":1,\"name\":\"Startseite\",\"item\":\"https:\/\/ihma.at\/de_de\/\"},{\"@type\":\"ListItem\",\"position\":2,\"name\":\"PROJEKTE\"}]},{\"@type\":\"WebSite\",\"@id\":\"https:\/\/ihma.at\/#website\",\"url\":\"https:\/\/ihma.at\/\",\"name\":\"IHMA\",\"description\":\"INTERNATIONAL HUMAN \",\"publisher\":{\"@id\":\"https:\/\/ihma.at\/#organization\"},\"potentialAction\":[{\"@type\":\"SearchAction\",\"target\":{\"@type\":\"EntryPoint\",\"urlTemplate\":\"https:\/\/ihma.at\/?s={search_term_string}\"},\"query-input\":\"required name=search_term_string\"}],\"inLanguage\":\"en-GB\"},{\"@type\":\"Organization\",\"@id\":\"https:\/\/ihma.at\/#organization\",\"name\":\"IHMA\",\"url\":\"https:\/\/ihma.at\/\",\"logo\":{\"@type\":\"ImageObject\",\"inLanguage\":\"en-GB\",\"@id\":\"https:\/\/ihma.at\/#\/schema\/logo\/image\/\",\"url\":\"https:\/\/ihma.at\/wp-content\/uploads\/2022\/05\/cropped-cropped-IHMA-BETA-LOGO-e1653917382550.png\",\"contentUrl\":\"https:\/\/ihma.at\/wp-content\/uploads\/2022\/05\/cropped-cropped-IHMA-BETA-LOGO-e1653917382550.png\",\"width\":300,\"height\":74,\"caption\":\"IHMA\"},\"image\":{\"@id\":\"https:\/\/ihma.at\/#\/schema\/logo\/image\/\"}}]}<\/script>\n<!-- \/ Yoast SEO plugin. -->","yoast_head_json":{"title":"PROJEKTE - IHMA","robots":{"index":"index","follow":"follow","max-snippet":"max-snippet:-1","max-image-preview":"max-image-preview:large","max-video-preview":"max-video-preview:-1"},"canonical":"https:\/\/ihma.at\/en\/projekte\/","og_locale":"en_GB","og_type":"article","og_title":"PROJEKTE - IHMA","og_description":"UNSERE PROJEKTE WELTWEIT WASH PROJEKTE In Nepal sind wir vor Ort mit unseren WASH PROJECTS aktiv. Zur Krankheitsprophylaxe lehren wir Kindern den richtigen Umgang zur K\u00f6rperpflege und statten sie mit [&hellip;]","og_url":"https:\/\/ihma.at\/en\/projekte\/","og_site_name":"IHMA","article_modified_time":"2022-06-15T13:09:20+00:00","og_image":[{"url":"https:\/\/ihma.at\/wp-content\/uploads\/2018\/12\/ihma-4.jpg"}],"twitter_card":"summary_large_image","twitter_misc":{"Estimated reading time":"2 minutes"},"schema":{"@context":"https:\/\/schema.org","@graph":[{"@type":"WebPage","@id":"https:\/\/ihma.at\/de_de\/projekte\/","url":"https:\/\/ihma.at\/de_de\/projekte\/","name":"PROJEKTE - IHMA","isPartOf":{"@id":"https:\/\/ihma.at\/#website"},"datePublished":"2019-05-15T11:15:44+00:00","dateModified":"2022-06-15T13:09:20+00:00","breadcrumb":{"@id":"https:\/\/ihma.at\/de_de\/projekte\/#breadcrumb"},"inLanguage":"en-GB","potentialAction":[{"@type":"ReadAction","target":["https:\/\/ihma.at\/de_de\/projekte\/"]}]},{"@type":"BreadcrumbList","@id":"https:\/\/ihma.at\/de_de\/projekte\/#breadcrumb","itemListElement":[{"@type":"ListItem","position":1,"name":"Startseite","item":"https:\/\/ihma.at\/de_de\/"},{"@type":"ListItem","position":2,"name":"PROJEKTE"}]},{"@type":"WebSite","@id":"https:\/\/ihma.at\/#website","url":"https:\/\/ihma.at\/","name":"IHMA","description":"INTERNATIONAL HUMAN","publisher":{"@id":"https:\/\/ihma.at\/#organization"},"potentialAction":[{"@type":"SearchAction","target":{"@type":"EntryPoint","urlTemplate":"https:\/\/ihma.at\/?s={search_term_string}"},"query-input":"required name=search_term_string"}],"inLanguage":"en-GB"},{"@type":"Organization","@id":"https:\/\/ihma.at\/#organization","name":"IHMA","url":"https:\/\/ihma.at\/","logo":{"@type":"ImageObject","inLanguage":"en-GB","@id":"https:\/\/ihma.at\/#\/schema\/logo\/image\/","url":"https:\/\/ihma.at\/wp-content\/uploads\/2022\/05\/cropped-cropped-IHMA-BETA-LOGO-e1653917382550.png","contentUrl":"https:\/\/ihma.at\/wp-content\/uploads\/2022\/05\/cropped-cropped-IHMA-BETA-LOGO-e1653917382550.png","width":300,"height":74,"caption":"IHMA"},"image":{"@id":"https:\/\/ihma.at\/#\/schema\/logo\/image\/"}}]}},"_links":{"self":[{"href":"https:\/\/ihma.at\/en\/wp-json\/wp\/v2\/pages\/438"}],"collection":[{"href":"https:\/\/ihma.at\/en\/wp-json\/wp\/v2\/pages"}],"about":[{"href":"https:\/\/ihma.at\/en\/wp-json\/wp\/v2\/types\/page"}],"author":[{"embeddable":true,"href":"https:\/\/ihma.at\/en\/wp-json\/wp\/v2\/users\/1"}],"replies":[{"embeddable":true,"href":"https:\/\/ihma.at\/en\/wp-json\/wp\/v2\/comments?post=438"}],"version-history":[{"count":3,"href":"https:\/\/ihma.at\/en\/wp-json\/wp\/v2\/pages\/438\/revisions"}],"predecessor-version":[{"id":782,"href":"https:\/\/ihma.at\/en\/wp-json\/wp\/v2\/pages\/438\/revisions\/782"}],"wp:attachment":[{"href":"https:\/\/ihma.at\/en\/wp-json\/wp\/v2\/media?parent=438"}],"curies":[{"name":"wp","href":"https:\/\/api.w.org\/{rel}","templated":true}]}}