{"id":637,"date":"2022-05-30T19:59:10","date_gmt":"2022-05-30T17:59:10","guid":{"rendered":"https:\/\/ihma.at\/?page_id=637"},"modified":"2022-08-07T12:11:38","modified_gmt":"2022-08-07T10:11:38","slug":"team","status":"publish","type":"page","link":"https:\/\/ihma.at\/en\/team\/","title":{"rendered":"Team"},"content":{"rendered":"<h2>\n\t\tOUR TEAM\n\t<\/h2>\n<h4>\n\t\tWeltweit f\u00fcr Menschen Hilfe leisten &#8211; das ist nur m\u00f6glich mit aktiven Mitgliedern die sich aus ganzem Herzen f\u00fcr das Wohle hilfsbed\u00fcrftiger Menschen einsetzen\n\t<\/h4>\n\t\t\t\t<img decoding=\"async\" loading=\"lazy\" src=\"https:\/\/ihma.at\/wp-content\/uploads\/2022\/05\/Caroline.jpg\" alt=\"Caroline\" itemprop=\"image\" height=\"1013\" width=\"1274\" title=\"Caroline\" onerror=\"this.style.display='none'\"  \/>\n<h4>\n\t\tCaroline Weishaupt\n\t<\/h4>\n<h6>\n\t\tChairwoman, Founder IHMA\n\t<\/h6>\n\t<p>Seit \u00fcber 20 Jahren setzt sie sich weltweit f\u00fcr das Wohl von Menschen ein. Besonders Kinder liegen ihr am Herzen. Mit der Gr\u00fcndung der IHMA erf\u00fcllte sie sich den lang gehegten Traum, der &#8222;eigenen&#8220; Hilfsorgansiation.<\/p>\n\t\t\t\t<img decoding=\"async\" loading=\"lazy\" src=\"https:\/\/ihma.at\/wp-content\/uploads\/2022\/05\/Mathias-schellmann.jpg\" alt=\"Mathias-schellmann\" itemprop=\"image\" height=\"1013\" width=\"1274\" title=\"Mathias-schellmann\" onerror=\"this.style.display='none'\"  \/>\n<h4>\n\t\tMathias Schellmann\n\t<\/h4>\n<h6>\n\t\tDeputy chairman\n\t<\/h6>\n\t<p>Experienced as a responsible medical director, he is always the solid foundation of our projects.<\/p>\n\t\t\t\t<img decoding=\"async\" loading=\"lazy\" src=\"https:\/\/ihma.at\/wp-content\/uploads\/2022\/05\/girl.jpg\" alt=\"girl\" itemprop=\"image\" height=\"1013\" width=\"1274\" title=\"girl\" onerror=\"this.style.display='none'\"  \/>\n<h4>\n\t\tSeraina Wagenseil\n\t<\/h4>\n<h6>\n\t\tDeputy Treasurer\n\t<\/h6>\n\t<p>Student of Forensics. She keeps track of every trace, nothing escapes her.<\/p>\n\t\t\t\t<img decoding=\"async\" loading=\"lazy\" src=\"https:\/\/ihma.at\/wp-content\/uploads\/2022\/05\/jhun.jpg\" alt=\"jhun\" itemprop=\"image\" height=\"1013\" width=\"1274\" title=\"jhun\" onerror=\"this.style.display='none'\"  \/>\n<h4>\n\t\tPhunjo Lama\n\t<\/h4>\n<h6>\n\t\tNepal Projects Leader\n\t<\/h6>\n\t<p>Our haven of peace in Nepal, organizes, translates, implements\nNo mountain is too high for her, no task too much ... Mount Everest \"climber\"<\/p>\n\t\t\t\t<img decoding=\"async\" loading=\"lazy\" src=\"https:\/\/ihma.at\/wp-content\/uploads\/2022\/05\/nn2.jpg\" alt=\"nn2\" itemprop=\"image\" height=\"1013\" width=\"1274\" title=\"nn2\" onerror=\"this.style.display='none'\"  \/>\n<h4>\n\t\tNick Wagenseil\n\t<\/h4>\n<h6>\n\t\tsecretary\n\t<\/h6>\n\t<p>Words and technology are in good hands with him, hardly a problem that he does not\ncan solve...<\/p>\n\t\t\t\t<img decoding=\"async\" loading=\"lazy\" src=\"https:\/\/ihma.at\/wp-content\/uploads\/2022\/05\/patti.jpg\" alt=\"patti\" itemprop=\"image\" height=\"1013\" width=\"1274\" title=\"patti\" onerror=\"this.style.display='none'\"  \/>\n<h4>\n\t\tCarola Penkwitt\n\t<\/h4>\n<h6>\n\t\tDeputy Secretary \n\t<\/h6>\n\t<p>General medicine is in her passion. People in need experience her competent help.<\/p>\n\t\t\t\t<img decoding=\"async\" loading=\"lazy\" src=\"https:\/\/ihma.at\/wp-content\/uploads\/2022\/05\/TOP-MUSTER-1.jpg\" alt=\"TOP-MUSTER\" itemprop=\"image\" height=\"1013\" width=\"1274\" title=\"TOP-MUSTER\" onerror=\"this.style.display='none'\"  \/>\n<h4>\n\t\tLisa Eder\n\t<\/h4>\n<h6>\n\t\tPrisoner rights support\n\t<\/h6>\n\tOur committed colleagues in the field of support of<br \/>\nprisoner rights. Her assertive demeanor paired<br \/>\nwith an enormous knowledge of the legal situation, especially in North America, helps many people seeking help<br \/>\ntheir right. Leave Lisa's creative streak and sense of aesthetics<br \/>\nWords blossom into perceivable beauty.\n\t\t\t\t<img decoding=\"async\" loading=\"lazy\" src=\"https:\/\/ihma.at\/wp-content\/uploads\/2022\/05\/Paar.jpg\" alt=\"Paar\" itemprop=\"image\" height=\"1013\" width=\"1274\" title=\"Paar\" onerror=\"this.style.display='none'\"  \/>\n<h4>\n\t\tJohanna Steiner, Emmanuel Onyeka\n\t<\/h4>\n<h6>\n\t\tLeader Nigeria Projects\n\t<\/h6>\n\t<p>Our children's home projects in Abuja, Nigeria are in their helping hands. Johanna as a school teacher conveys helpful concepts of modern teaching at local schools.<\/p>\n\t\t\t\t<img decoding=\"async\" loading=\"lazy\" src=\"https:\/\/ihma.at\/wp-content\/uploads\/2022\/05\/Ob.jpg\" alt=\"Ob\" itemprop=\"image\" height=\"1013\" width=\"1274\" title=\"Ob\" onerror=\"this.style.display='none'\"  \/>\n<h4>\n\t\tEberhart F\u00fcrst von Urach, Graf von W\u00fcrttemberg\n\t<\/h4>\n<h6>\n\t\tcashier\n\t<\/h6>\n\t<p>Student of business administration. Public Relations is his strength.<\/p>","protected":false},"excerpt":{"rendered":"<p>UNSER TEAM Weltweit f\u00fcr Menschen Hilfe leisten &#8211; das ist nur m\u00f6glich mit aktiven Mitgliedern die sich aus ganzem Herzen f\u00fcr das Wohle hilfsbed\u00fcrftiger Menschen einsetzen Caroline Weishaupt Obfrau, Gr\u00fcnderin [&hellip;]<\/p>\n","protected":false},"author":1,"featured_media":0,"parent":0,"menu_order":0,"comment_status":"closed","ping_status":"closed","template":"","meta":[],"yoast_head":"<!-- This site is optimized with the Yoast SEO plugin v21.1 - https:\/\/yoast.com\/wordpress\/plugins\/seo\/ -->\n<title>Team - IHMA<\/title>\n<meta name=\"robots\" content=\"index, follow, max-snippet:-1, max-image-preview:large, max-video-preview:-1\" \/>\n<link rel=\"canonical\" href=\"https:\/\/ihma.at\/en\/team\/\" \/>\n<meta property=\"og:locale\" content=\"en_GB\" \/>\n<meta property=\"og:type\" content=\"article\" \/>\n<meta property=\"og:title\" content=\"Team - IHMA\" \/>\n<meta property=\"og:description\" content=\"UNSER TEAM Weltweit f\u00fcr Menschen Hilfe leisten &#8211; das ist nur m\u00f6glich mit aktiven Mitgliedern die sich aus ganzem Herzen f\u00fcr das Wohle hilfsbed\u00fcrftiger Menschen einsetzen Caroline Weishaupt Obfrau, Gr\u00fcnderin [&hellip;]\" \/>\n<meta property=\"og:url\" content=\"https:\/\/ihma.at\/en\/team\/\" \/>\n<meta property=\"og:site_name\" content=\"IHMA\" \/>\n<meta property=\"article:modified_time\" content=\"2022-08-07T10:11:38+00:00\" \/>\n<meta property=\"og:image\" content=\"https:\/\/ihma.at\/wp-content\/uploads\/2022\/05\/Caroline.jpg\" \/>\n<meta name=\"twitter:card\" content=\"summary_large_image\" \/>\n<script type=\"application\/ld+json\" class=\"yoast-schema-graph\">{\"@context\":\"https:\/\/schema.org\",\"@graph\":[{\"@type\":\"WebPage\",\"@id\":\"https:\/\/ihma.at\/de_de\/team\/\",\"url\":\"https:\/\/ihma.at\/de_de\/team\/\",\"name\":\"Team - IHMA\",\"isPartOf\":{\"@id\":\"https:\/\/ihma.at\/#website\"},\"datePublished\":\"2022-05-30T17:59:10+00:00\",\"dateModified\":\"2022-08-07T10:11:38+00:00\",\"breadcrumb\":{\"@id\":\"https:\/\/ihma.at\/de_de\/team\/#breadcrumb\"},\"inLanguage\":\"en-GB\",\"potentialAction\":[{\"@type\":\"ReadAction\",\"target\":[\"https:\/\/ihma.at\/de_de\/team\/\"]}]},{\"@type\":\"BreadcrumbList\",\"@id\":\"https:\/\/ihma.at\/de_de\/team\/#breadcrumb\",\"itemListElement\":[{\"@type\":\"ListItem\",\"position\":1,\"name\":\"Startseite\",\"item\":\"https:\/\/ihma.at\/de_de\/\"},{\"@type\":\"ListItem\",\"position\":2,\"name\":\"Team\"}]},{\"@type\":\"WebSite\",\"@id\":\"https:\/\/ihma.at\/#website\",\"url\":\"https:\/\/ihma.at\/\",\"name\":\"IHMA\",\"description\":\"INTERNATIONAL HUMAN \",\"publisher\":{\"@id\":\"https:\/\/ihma.at\/#organization\"},\"potentialAction\":[{\"@type\":\"SearchAction\",\"target\":{\"@type\":\"EntryPoint\",\"urlTemplate\":\"https:\/\/ihma.at\/?s={search_term_string}\"},\"query-input\":\"required name=search_term_string\"}],\"inLanguage\":\"en-GB\"},{\"@type\":\"Organization\",\"@id\":\"https:\/\/ihma.at\/#organization\",\"name\":\"IHMA\",\"url\":\"https:\/\/ihma.at\/\",\"logo\":{\"@type\":\"ImageObject\",\"inLanguage\":\"en-GB\",\"@id\":\"https:\/\/ihma.at\/#\/schema\/logo\/image\/\",\"url\":\"https:\/\/ihma.at\/wp-content\/uploads\/2022\/05\/cropped-cropped-IHMA-BETA-LOGO-e1653917382550.png\",\"contentUrl\":\"https:\/\/ihma.at\/wp-content\/uploads\/2022\/05\/cropped-cropped-IHMA-BETA-LOGO-e1653917382550.png\",\"width\":300,\"height\":74,\"caption\":\"IHMA\"},\"image\":{\"@id\":\"https:\/\/ihma.at\/#\/schema\/logo\/image\/\"}}]}<\/script>\n<!-- \/ Yoast SEO plugin. -->","yoast_head_json":{"title":"Team - IHMA","robots":{"index":"index","follow":"follow","max-snippet":"max-snippet:-1","max-image-preview":"max-image-preview:large","max-video-preview":"max-video-preview:-1"},"canonical":"https:\/\/ihma.at\/en\/team\/","og_locale":"en_GB","og_type":"article","og_title":"Team - IHMA","og_description":"UNSER TEAM Weltweit f\u00fcr Menschen Hilfe leisten &#8211; das ist nur m\u00f6glich mit aktiven Mitgliedern die sich aus ganzem Herzen f\u00fcr das Wohle hilfsbed\u00fcrftiger Menschen einsetzen Caroline Weishaupt Obfrau, Gr\u00fcnderin [&hellip;]","og_url":"https:\/\/ihma.at\/en\/team\/","og_site_name":"IHMA","article_modified_time":"2022-08-07T10:11:38+00:00","og_image":[{"url":"https:\/\/ihma.at\/wp-content\/uploads\/2022\/05\/Caroline.jpg"}],"twitter_card":"summary_large_image","schema":{"@context":"https:\/\/schema.org","@graph":[{"@type":"WebPage","@id":"https:\/\/ihma.at\/de_de\/team\/","url":"https:\/\/ihma.at\/de_de\/team\/","name":"Team - IHMA","isPartOf":{"@id":"https:\/\/ihma.at\/#website"},"datePublished":"2022-05-30T17:59:10+00:00","dateModified":"2022-08-07T10:11:38+00:00","breadcrumb":{"@id":"https:\/\/ihma.at\/de_de\/team\/#breadcrumb"},"inLanguage":"en-GB","potentialAction":[{"@type":"ReadAction","target":["https:\/\/ihma.at\/de_de\/team\/"]}]},{"@type":"BreadcrumbList","@id":"https:\/\/ihma.at\/de_de\/team\/#breadcrumb","itemListElement":[{"@type":"ListItem","position":1,"name":"Startseite","item":"https:\/\/ihma.at\/de_de\/"},{"@type":"ListItem","position":2,"name":"Team"}]},{"@type":"WebSite","@id":"https:\/\/ihma.at\/#website","url":"https:\/\/ihma.at\/","name":"IHMA","description":"INTERNATIONAL HUMAN","publisher":{"@id":"https:\/\/ihma.at\/#organization"},"potentialAction":[{"@type":"SearchAction","target":{"@type":"EntryPoint","urlTemplate":"https:\/\/ihma.at\/?s={search_term_string}"},"query-input":"required name=search_term_string"}],"inLanguage":"en-GB"},{"@type":"Organization","@id":"https:\/\/ihma.at\/#organization","name":"IHMA","url":"https:\/\/ihma.at\/","logo":{"@type":"ImageObject","inLanguage":"en-GB","@id":"https:\/\/ihma.at\/#\/schema\/logo\/image\/","url":"https:\/\/ihma.at\/wp-content\/uploads\/2022\/05\/cropped-cropped-IHMA-BETA-LOGO-e1653917382550.png","contentUrl":"https:\/\/ihma.at\/wp-content\/uploads\/2022\/05\/cropped-cropped-IHMA-BETA-LOGO-e1653917382550.png","width":300,"height":74,"caption":"IHMA"},"image":{"@id":"https:\/\/ihma.at\/#\/schema\/logo\/image\/"}}]}},"_links":{"self":[{"href":"https:\/\/ihma.at\/en\/wp-json\/wp\/v2\/pages\/637"}],"collection":[{"href":"https:\/\/ihma.at\/en\/wp-json\/wp\/v2\/pages"}],"about":[{"href":"https:\/\/ihma.at\/en\/wp-json\/wp\/v2\/types\/page"}],"author":[{"embeddable":true,"href":"https:\/\/ihma.at\/en\/wp-json\/wp\/v2\/users\/1"}],"replies":[{"embeddable":true,"href":"https:\/\/ihma.at\/en\/wp-json\/wp\/v2\/comments?post=637"}],"version-history":[{"count":18,"href":"https:\/\/ihma.at\/en\/wp-json\/wp\/v2\/pages\/637\/revisions"}],"predecessor-version":[{"id":935,"href":"https:\/\/ihma.at\/en\/wp-json\/wp\/v2\/pages\/637\/revisions\/935"}],"wp:attachment":[{"href":"https:\/\/ihma.at\/en\/wp-json\/wp\/v2\/media?parent=637"}],"curies":[{"name":"wp","href":"https:\/\/api.w.org\/{rel}","templated":true}]}}